{"id":10,"date":"2017-01-25T11:16:28","date_gmt":"2017-01-25T11:16:28","guid":{"rendered":"http:\/\/traduccionjurada-lga.com\/?page_id=10"},"modified":"2025-05-07T11:02:12","modified_gmt":"2025-05-07T11:02:12","slug":"contacto","status":"publish","type":"page","link":"https:\/\/traduccionjurada-lga.com\/de\/contacto\/","title":{"rendered":"Kontakt"},"content":{"rendered":"<p><\/p>\n<section id=\"inicio-contact\"><img loading=\"lazy\" decoding=\"async\" class=\"mouse-img wp-image-25 size-full\" src=\"..\/wp-content\/uploads\/2017\/01\/mouse.png\" alt=\"mouse\" width=\"20\" height=\"29\"><br \/>\n<img loading=\"lazy\" decoding=\"async\" class=\"arrow-img wp-image-32 size-full\" src=\"..\/wp-content\/uploads\/2017\/01\/arrow.png\" alt=\"arrow\" width=\"44\" height=\"24\"><\/p>\n<div class=\"info\"><img decoding=\"async\" class=\"icono-page aligncenter wp-image-42 size-full\" src=\"..\/wp-content\/uploads\/2017\/01\/icono-contacto.png\" alt=\"icono-contacto\"><\/p>\n<h3 style=\"text-align: center;\">KONTAKT<\/h3>\n<h4 style=\"text-align: center;\">Laura G\u00f3mez Aguirre<\/h4>\n<p style=\"text-align: center;\">Vereidigte \u00dcbersetzerin<\/p>\n<p style=\"text-align: center;\">+32 483 03 12 98|+34 654 386 358<\/p>\n<p style=\"text-align: center;\">Sofern Sie bevorzugen, mir eine E-mail zu senden, so scrollen Sie bitte nach unten<\/p>\n<\/div>\n<\/section>\n<section id=\"contacto-2\">\n<div  class=\"contacto-principal\">\n<p class=\"contacto-texto\">Erhalten Sie ein gratis Angebot- ohne Verpflichtungen, stellen Sie mir eine Frage: F\u00fcllen Sie dieses Formular aus.<\/p>\n\n<div class=\"wpcf7 no-js\" id=\"wpcf7-f173-o3\" lang=\"es-ES\" dir=\"ltr\" data-wpcf7-id=\"173\">\n<div class=\"screen-reader-response\"><p role=\"status\" aria-live=\"polite\" aria-atomic=\"true\"><\/p> <ul><\/ul><\/div>\n<form action=\"\/de\/wp-json\/wp\/v2\/pages\/10#wpcf7-f173-o3\" method=\"post\" class=\"wpcf7-form init\" aria-label=\"Formulario de contacto\" novalidate=\"novalidate\" data-status=\"init\">\n<fieldset class=\"hidden-fields-container\"><input type=\"hidden\" name=\"_wpcf7\" value=\"173\" \/><input type=\"hidden\" name=\"_wpcf7_version\" value=\"6.1.3\" \/><input type=\"hidden\" name=\"_wpcf7_locale\" value=\"es_ES\" \/><input type=\"hidden\" name=\"_wpcf7_unit_tag\" value=\"wpcf7-f173-o3\" \/><input type=\"hidden\" name=\"_wpcf7_container_post\" value=\"0\" \/><input type=\"hidden\" name=\"_wpcf7_posted_data_hash\" value=\"\" \/>\n<\/fieldset>\n<p><label>Name*<br \/>\n<span class=\"wpcf7-form-control-wrap\" data-name=\"your-name\"><input size=\"40\" maxlength=\"400\" class=\"wpcf7-form-control wpcf7-text wpcf7-validates-as-required\" aria-required=\"true\" aria-invalid=\"false\" value=\"\" type=\"text\" name=\"your-name\" \/><\/span> <\/label>\n<\/p>\n<p><label>E-mail*<br \/>\n<span class=\"wpcf7-form-control-wrap\" data-name=\"your-email\"><input size=\"40\" maxlength=\"400\" class=\"wpcf7-form-control wpcf7-email wpcf7-validates-as-required wpcf7-text wpcf7-validates-as-email\" aria-required=\"true\" aria-invalid=\"false\" value=\"\" type=\"email\" name=\"your-email\" \/><\/span> <\/label>\n<\/p>\n<p><label>Betreff*<br \/>\n<span class=\"wpcf7-form-control-wrap\" data-name=\"your-subject\"><input size=\"40\" maxlength=\"400\" class=\"wpcf7-form-control wpcf7-text wpcf7-validates-as-required\" aria-required=\"true\" aria-invalid=\"false\" value=\"\" type=\"text\" name=\"your-subject\" \/><\/span> <\/label>\n<\/p>\n<p><label>Nachricht*<br \/>\n<span class=\"wpcf7-form-control-wrap\" data-name=\"your-message\"><textarea cols=\"40\" rows=\"10\" maxlength=\"2000\" class=\"wpcf7-form-control wpcf7-textarea wpcf7-validates-as-required\" aria-required=\"true\" aria-invalid=\"false\" name=\"your-message\"><\/textarea><\/span> <\/label>\n<\/p>\n<p>[recaptcha]\n<\/p>\n<p><input class=\"wpcf7-form-control wpcf7-submit has-spinner\" type=\"submit\" value=\"SENDEN\" \/>\n<\/p><div class=\"wpcf7-response-output\" aria-hidden=\"true\"><\/div>\n<\/form>\n<\/div>\n\n<\/div>\n<\/section>\n<p><\/p>","protected":false},"excerpt":{"rendered":"<p>KONTAKT Laura G\u00f3mez Aguirre Vereidigte \u00dcbersetzerin +32 483 03 12 98|+34 654 386 358 Sofern Sie bevorzugen, mir eine E-mail zu senden, so scrollen Sie bitte nach unten Erhalten Sie ein gratis Angebot- ohne Verpflichtungen, stellen Sie mir eine Frage: F\u00fcllen Sie dieses Formular aus.<\/p>\n","protected":false},"author":1,"featured_media":0,"parent":0,"menu_order":0,"comment_status":"closed","ping_status":"closed","template":"","meta":{"_monsterinsights_skip_tracking":false,"_monsterinsights_sitenote_active":false,"_monsterinsights_sitenote_note":"","_monsterinsights_sitenote_category":0,"footnotes":""},"class_list":["post-10","page","type-page","status-publish","hentry"],"yoast_head":"<!-- This site is optimized with the Yoast SEO plugin v26.4 - https:\/\/yoast.com\/wordpress\/plugins\/seo\/ -->\n<title>Kontakt - Traducci\u00f3n Jurada LGA<\/title>\n<meta name=\"description\" content=\"(ES) Contacta conmigo para cualquier duda que tengas. Ll\u00e1mame o env\u00edame un correo electr\u00f3nico a trav\u00e9s del formulario de contacto.\" \/>\n<meta name=\"robots\" content=\"index, follow, max-snippet:-1, max-image-preview:large, max-video-preview:-1\" \/>\n<link rel=\"canonical\" href=\"http:\/\/traduccionjurada-lga.com\/en\/contacto\/\" \/>\n<meta property=\"og:locale\" content=\"de_DE\" \/>\n<meta property=\"og:type\" content=\"article\" \/>\n<meta property=\"og:title\" content=\"Kontakt - Traducci\u00f3n Jurada LGA\" \/>\n<meta property=\"og:description\" content=\"(ES) Contacta conmigo para cualquier duda que tengas. Ll\u00e1mame o env\u00edame un correo electr\u00f3nico a trav\u00e9s del formulario de contacto.\" \/>\n<meta property=\"og:url\" content=\"http:\/\/traduccionjurada-lga.com\/en\/contacto\/\" \/>\n<meta property=\"og:site_name\" content=\"Traducci\u00f3n Jurada LGA\" \/>\n<meta property=\"article:modified_time\" content=\"2025-05-07T11:02:12+00:00\" \/>\n<meta name=\"twitter:card\" content=\"summary_large_image\" \/>\n<meta name=\"twitter:label1\" content=\"Gesch\u00e4tzte Lesezeit\" \/>\n\t<meta name=\"twitter:data1\" content=\"5\u00a0Minuten\" \/>\n<script type=\"application\/ld+json\" class=\"yoast-schema-graph\">{\"@context\":\"https:\/\/schema.org\",\"@graph\":[{\"@type\":\"WebPage\",\"@id\":\"http:\/\/traduccionjurada-lga.com\/en\/contacto\/\",\"url\":\"http:\/\/traduccionjurada-lga.com\/en\/contacto\/\",\"name\":\"Kontakt - Traducci\u00f3n Jurada LGA\",\"isPartOf\":{\"@id\":\"http:\/\/traduccionjurada-lga.com\/#website\"},\"datePublished\":\"2017-01-25T11:16:28+00:00\",\"dateModified\":\"2025-05-07T11:02:12+00:00\",\"description\":\"(ES) Contacta conmigo para cualquier duda que tengas. Ll\u00e1mame o env\u00edame un correo electr\u00f3nico a trav\u00e9s del formulario de contacto.\",\"breadcrumb\":{\"@id\":\"http:\/\/traduccionjurada-lga.com\/en\/contacto\/#breadcrumb\"},\"inLanguage\":\"de\",\"potentialAction\":[{\"@type\":\"ReadAction\",\"target\":[\"http:\/\/traduccionjurada-lga.com\/en\/contacto\/\"]}]},{\"@type\":\"BreadcrumbList\",\"@id\":\"http:\/\/traduccionjurada-lga.com\/en\/contacto\/#breadcrumb\",\"itemListElement\":[{\"@type\":\"ListItem\",\"position\":1,\"name\":\"Portada\",\"item\":\"http:\/\/traduccionjurada-lga.com\/\"},{\"@type\":\"ListItem\",\"position\":2,\"name\":\"Contact\"}]},{\"@type\":\"WebSite\",\"@id\":\"http:\/\/traduccionjurada-lga.com\/#website\",\"url\":\"http:\/\/traduccionjurada-lga.com\/\",\"name\":\"Traducci\u00f3n Jurada LGA\",\"description\":\"Otro sitio realizado con WordPress\",\"potentialAction\":[{\"@type\":\"SearchAction\",\"target\":{\"@type\":\"EntryPoint\",\"urlTemplate\":\"http:\/\/traduccionjurada-lga.com\/?s={search_term_string}\"},\"query-input\":{\"@type\":\"PropertyValueSpecification\",\"valueRequired\":true,\"valueName\":\"search_term_string\"}}],\"inLanguage\":\"de\"}]}<\/script>\n<!-- \/ Yoast SEO plugin. -->","yoast_head_json":{"title":"Kontakt - Traducci\u00f3n Jurada LGA","description":"(ES) Contacta conmigo para cualquier duda que tengas. Ll\u00e1mame o env\u00edame un correo electr\u00f3nico a trav\u00e9s del formulario de contacto.","robots":{"index":"index","follow":"follow","max-snippet":"max-snippet:-1","max-image-preview":"max-image-preview:large","max-video-preview":"max-video-preview:-1"},"canonical":"http:\/\/traduccionjurada-lga.com\/en\/contacto\/","og_locale":"de_DE","og_type":"article","og_title":"Kontakt - Traducci\u00f3n Jurada LGA","og_description":"(ES) Contacta conmigo para cualquier duda que tengas. Ll\u00e1mame o env\u00edame un correo electr\u00f3nico a trav\u00e9s del formulario de contacto.","og_url":"http:\/\/traduccionjurada-lga.com\/en\/contacto\/","og_site_name":"Traducci\u00f3n Jurada LGA","article_modified_time":"2025-05-07T11:02:12+00:00","twitter_card":"summary_large_image","twitter_misc":{"Gesch\u00e4tzte Lesezeit":"5\u00a0Minuten"},"schema":{"@context":"https:\/\/schema.org","@graph":[{"@type":"WebPage","@id":"http:\/\/traduccionjurada-lga.com\/en\/contacto\/","url":"http:\/\/traduccionjurada-lga.com\/en\/contacto\/","name":"Kontakt - Traducci\u00f3n Jurada LGA","isPartOf":{"@id":"http:\/\/traduccionjurada-lga.com\/#website"},"datePublished":"2017-01-25T11:16:28+00:00","dateModified":"2025-05-07T11:02:12+00:00","description":"(ES) Contacta conmigo para cualquier duda que tengas. Ll\u00e1mame o env\u00edame un correo electr\u00f3nico a trav\u00e9s del formulario de contacto.","breadcrumb":{"@id":"http:\/\/traduccionjurada-lga.com\/en\/contacto\/#breadcrumb"},"inLanguage":"de","potentialAction":[{"@type":"ReadAction","target":["http:\/\/traduccionjurada-lga.com\/en\/contacto\/"]}]},{"@type":"BreadcrumbList","@id":"http:\/\/traduccionjurada-lga.com\/en\/contacto\/#breadcrumb","itemListElement":[{"@type":"ListItem","position":1,"name":"Portada","item":"http:\/\/traduccionjurada-lga.com\/"},{"@type":"ListItem","position":2,"name":"Contact"}]},{"@type":"WebSite","@id":"http:\/\/traduccionjurada-lga.com\/#website","url":"http:\/\/traduccionjurada-lga.com\/","name":"Traducci\u00f3n Jurada LGA","description":"Otro sitio realizado con WordPress","potentialAction":[{"@type":"SearchAction","target":{"@type":"EntryPoint","urlTemplate":"http:\/\/traduccionjurada-lga.com\/?s={search_term_string}"},"query-input":{"@type":"PropertyValueSpecification","valueRequired":true,"valueName":"search_term_string"}}],"inLanguage":"de"}]}},"_links":{"self":[{"href":"https:\/\/traduccionjurada-lga.com\/de\/wp-json\/wp\/v2\/pages\/10","targetHints":{"allow":["GET"]}}],"collection":[{"href":"https:\/\/traduccionjurada-lga.com\/de\/wp-json\/wp\/v2\/pages"}],"about":[{"href":"https:\/\/traduccionjurada-lga.com\/de\/wp-json\/wp\/v2\/types\/page"}],"author":[{"embeddable":true,"href":"https:\/\/traduccionjurada-lga.com\/de\/wp-json\/wp\/v2\/users\/1"}],"replies":[{"embeddable":true,"href":"https:\/\/traduccionjurada-lga.com\/de\/wp-json\/wp\/v2\/comments?post=10"}],"version-history":[{"count":39,"href":"https:\/\/traduccionjurada-lga.com\/de\/wp-json\/wp\/v2\/pages\/10\/revisions"}],"predecessor-version":[{"id":257,"href":"https:\/\/traduccionjurada-lga.com\/de\/wp-json\/wp\/v2\/pages\/10\/revisions\/257"}],"wp:attachment":[{"href":"https:\/\/traduccionjurada-lga.com\/de\/wp-json\/wp\/v2\/media?parent=10"}],"curies":[{"name":"wp","href":"https:\/\/api.w.org\/{rel}","templated":true}]}}