{"id":14,"date":"2017-01-25T11:19:10","date_gmt":"2017-01-25T11:19:10","guid":{"rendered":"http:\/\/traduccionjurada-lga.com\/?page_id=14"},"modified":"2018-03-18T17:33:25","modified_gmt":"2018-03-18T17:33:25","slug":"servicios","status":"publish","type":"page","link":"https:\/\/traduccionjurada-lga.com\/de\/servicios\/","title":{"rendered":"Dienstleistungen"},"content":{"rendered":"<p><\/p>\n<section id=\"inicio-servicios\"><img loading=\"lazy\" decoding=\"async\" class=\"mouse-img wp-image-25 size-full\" src=\"..\/wp-content\/uploads\/2017\/01\/mouse.png\" alt=\"mouse\" width=\"20\" height=\"29\" \/><br \/>\n<img loading=\"lazy\" decoding=\"async\" class=\"arrow-img wp-image-32 size-full\" src=\"..\/wp-content\/uploads\/2017\/01\/arrow.png\" alt=\"arrow\" width=\"44\" height=\"24\" \/><\/p>\n<div class=\"info\">\n<p><img decoding=\"async\" class=\"icono-page aligncenter wp-image-42 size-full\" src=\"..\/wp-content\/uploads\/2017\/01\/servicios-azul.png\" alt=\"icono-servicios\" \/><\/p>\n<h3 style=\"text-align: center;\">DIENSTLEISTUNGEN<\/h3>\n<p style=\"text-align: center;\">Muttersprachliche Experten \u00fcberpr\u00fcfen alle meine \u00dcbersetzungen. Hierunter finden Sie alle Arten von \u00dcbersetzungen, die ich anbiete. F\u00fcr den Fall, dass Sie eine andere Dienstleistung ben\u00f6tigen, z\u00f6gern Sie bitte nicht, mich zu kontaktieren, so dass ich einen anderen Anbieter vorschlagen kann.<\/p>\n<\/div>\n<\/section>\n<section id=\"servicios-2\">\n<div class=\"info\">\n<div class=\"info-servicios\">\n<p><img decoding=\"async\" class=\"icono-article aligncenter wp-image-42 size-full\" src=\"..\/wp-content\/uploads\/2017\/01\/icono-traduccion.png\" alt=\"icono-traducci\u00f3n\" \/><\/p>\n<h2 style=\"text-align: center;\">\u00dcbersetzung<\/h2>\n<h4 style=\"text-align: center;\"><a href=\"traduccion#traduccion-jurada\">VEREIDIGT<\/a><\/h4>\n<h4 style=\"text-align: center;\"><a href=\"traduccion#traduccion-general\">ALLGEMEIN<\/a><\/h4>\n<h4 style=\"text-align: center;\"><a href=\"traduccion#traduccion-tecnica\">TECHNISCH<\/a><\/h4>\n<h4 style=\"text-align: center;\"><a href=\"traduccion#traduccion-economico-financiera\">WIRTSCHAFTLICH<\/a><\/h4>\n<h4 style=\"text-align: center;\"><a href=\"traduccion#traduccion-juridica\">RECHTLICH<\/a><\/h4>\n<\/div>\n<\/div>\n<\/section>\n<section id=\"servicios-3\">\n<div class=\"double-margin\">\n<div class=\"double-page\">\n<div class=\"double-info\"><img decoding=\"async\" class=\"aligncenter wp-image-71 size-full\" src=\"..\/wp-content\/uploads\/2017\/01\/icono-interpretacion.png\" alt=\"icono-interpretaci\u00f3n\" \/><\/p>\n<h2 style=\"text-align: center;\">Dolmetschen<\/h2>\n<h4>VEREIDIGT<\/h4>\n<h4>SIMULTAN<\/h4>\n<h4>KONSEKUTIV<\/h4>\n<h4>TELEFON<\/h4>\n<\/div>\n<\/div>\n<div class=\"double-page\">\n<div class=\"double-info\"><img decoding=\"async\" class=\"aligncenter wp-image-71 size-full\" src=\"..\/wp-content\/uploads\/2017\/01\/icono-revision.png\" alt=\"icono-revisi\u00f3n\" \/><\/p>\n<h2 style=\"text-align: center;\">\u00dcberpr\u00fcfung<\/h2>\n<h4>SPANISCH<\/h4>\n<h4>FRANZ\u00d6SISCH<\/h4>\n<\/div>\n<\/div>\n<\/div>\n<\/section>\n<p><\/p>","protected":false},"excerpt":{"rendered":"<p>DIENSTLEISTUNGEN Muttersprachliche Experten \u00fcberpr\u00fcfen alle meine \u00dcbersetzungen. Hierunter finden Sie alle Arten von \u00dcbersetzungen, die ich anbiete. F\u00fcr den Fall, dass Sie eine andere Dienstleistung ben\u00f6tigen, z\u00f6gern Sie bitte nicht, mich zu kontaktieren, so dass ich einen anderen Anbieter vorschlagen kann. \u00dcbersetzung VEREIDIGT ALLGEMEIN TECHNISCH WIRTSCHAFTLICH RECHTLICH Dolmetschen VEREIDIGT SIMULTAN KONSEKUTIV TELEFON \u00dcberpr\u00fcfung SPANISCH FRANZ\u00d6SISCH<\/p>\n","protected":false},"author":1,"featured_media":0,"parent":0,"menu_order":0,"comment_status":"closed","ping_status":"closed","template":"","meta":{"_monsterinsights_skip_tracking":false,"_monsterinsights_sitenote_active":false,"_monsterinsights_sitenote_note":"","_monsterinsights_sitenote_category":0,"footnotes":""},"class_list":["post-14","page","type-page","status-publish","hentry"],"yoast_head":"<!-- This site is optimized with the Yoast SEO plugin v26.4 - https:\/\/yoast.com\/wordpress\/plugins\/seo\/ -->\n<title>Dienstleistungen - Traducci\u00f3n Jurada LGA<\/title>\n<meta name=\"robots\" content=\"index, follow, max-snippet:-1, max-image-preview:large, max-video-preview:-1\" \/>\n<link rel=\"canonical\" href=\"http:\/\/traduccionjurada-lga.com\/en\/servicios\/\" \/>\n<meta property=\"og:locale\" content=\"de_DE\" \/>\n<meta property=\"og:type\" content=\"article\" \/>\n<meta property=\"og:title\" content=\"Dienstleistungen - Traducci\u00f3n Jurada LGA\" \/>\n<meta property=\"og:description\" content=\"DIENSTLEISTUNGEN Muttersprachliche Experten \u00fcberpr\u00fcfen alle meine \u00dcbersetzungen. Hierunter finden Sie alle Arten von \u00dcbersetzungen, die ich anbiete. F\u00fcr den Fall, dass Sie eine andere Dienstleistung ben\u00f6tigen, z\u00f6gern Sie bitte nicht, mich zu kontaktieren, so dass ich einen anderen Anbieter vorschlagen kann. \u00dcbersetzung VEREIDIGT ALLGEMEIN TECHNISCH WIRTSCHAFTLICH RECHTLICH Dolmetschen VEREIDIGT SIMULTAN KONSEKUTIV TELEFON \u00dcberpr\u00fcfung SPANISCH FRANZ\u00d6SISCH\" \/>\n<meta property=\"og:url\" content=\"http:\/\/traduccionjurada-lga.com\/en\/servicios\/\" \/>\n<meta property=\"og:site_name\" content=\"Traducci\u00f3n Jurada LGA\" \/>\n<meta property=\"article:modified_time\" content=\"2018-03-18T17:33:25+00:00\" \/>\n<meta name=\"twitter:card\" content=\"summary_large_image\" \/>\n<meta name=\"twitter:label1\" content=\"Gesch\u00e4tzte Lesezeit\" \/>\n\t<meta name=\"twitter:data1\" content=\"2\u00a0Minuten\" \/>\n<script type=\"application\/ld+json\" class=\"yoast-schema-graph\">{\"@context\":\"https:\/\/schema.org\",\"@graph\":[{\"@type\":\"WebPage\",\"@id\":\"http:\/\/traduccionjurada-lga.com\/en\/servicios\/\",\"url\":\"http:\/\/traduccionjurada-lga.com\/en\/servicios\/\",\"name\":\"Dienstleistungen - Traducci\u00f3n Jurada LGA\",\"isPartOf\":{\"@id\":\"http:\/\/traduccionjurada-lga.com\/#website\"},\"datePublished\":\"2017-01-25T11:19:10+00:00\",\"dateModified\":\"2018-03-18T17:33:25+00:00\",\"breadcrumb\":{\"@id\":\"http:\/\/traduccionjurada-lga.com\/en\/servicios\/#breadcrumb\"},\"inLanguage\":\"de\",\"potentialAction\":[{\"@type\":\"ReadAction\",\"target\":[\"http:\/\/traduccionjurada-lga.com\/en\/servicios\/\"]}]},{\"@type\":\"BreadcrumbList\",\"@id\":\"http:\/\/traduccionjurada-lga.com\/en\/servicios\/#breadcrumb\",\"itemListElement\":[{\"@type\":\"ListItem\",\"position\":1,\"name\":\"Portada\",\"item\":\"http:\/\/traduccionjurada-lga.com\/\"},{\"@type\":\"ListItem\",\"position\":2,\"name\":\"Services\"}]},{\"@type\":\"WebSite\",\"@id\":\"http:\/\/traduccionjurada-lga.com\/#website\",\"url\":\"http:\/\/traduccionjurada-lga.com\/\",\"name\":\"Traducci\u00f3n Jurada LGA\",\"description\":\"Otro sitio realizado con WordPress\",\"potentialAction\":[{\"@type\":\"SearchAction\",\"target\":{\"@type\":\"EntryPoint\",\"urlTemplate\":\"http:\/\/traduccionjurada-lga.com\/?s={search_term_string}\"},\"query-input\":{\"@type\":\"PropertyValueSpecification\",\"valueRequired\":true,\"valueName\":\"search_term_string\"}}],\"inLanguage\":\"de\"}]}<\/script>\n<!-- \/ Yoast SEO plugin. -->","yoast_head_json":{"title":"Dienstleistungen - Traducci\u00f3n Jurada LGA","robots":{"index":"index","follow":"follow","max-snippet":"max-snippet:-1","max-image-preview":"max-image-preview:large","max-video-preview":"max-video-preview:-1"},"canonical":"http:\/\/traduccionjurada-lga.com\/en\/servicios\/","og_locale":"de_DE","og_type":"article","og_title":"Dienstleistungen - Traducci\u00f3n Jurada LGA","og_description":"DIENSTLEISTUNGEN Muttersprachliche Experten \u00fcberpr\u00fcfen alle meine \u00dcbersetzungen. Hierunter finden Sie alle Arten von \u00dcbersetzungen, die ich anbiete. F\u00fcr den Fall, dass Sie eine andere Dienstleistung ben\u00f6tigen, z\u00f6gern Sie bitte nicht, mich zu kontaktieren, so dass ich einen anderen Anbieter vorschlagen kann. \u00dcbersetzung VEREIDIGT ALLGEMEIN TECHNISCH WIRTSCHAFTLICH RECHTLICH Dolmetschen VEREIDIGT SIMULTAN KONSEKUTIV TELEFON \u00dcberpr\u00fcfung SPANISCH FRANZ\u00d6SISCH","og_url":"http:\/\/traduccionjurada-lga.com\/en\/servicios\/","og_site_name":"Traducci\u00f3n Jurada LGA","article_modified_time":"2018-03-18T17:33:25+00:00","twitter_card":"summary_large_image","twitter_misc":{"Gesch\u00e4tzte Lesezeit":"2\u00a0Minuten"},"schema":{"@context":"https:\/\/schema.org","@graph":[{"@type":"WebPage","@id":"http:\/\/traduccionjurada-lga.com\/en\/servicios\/","url":"http:\/\/traduccionjurada-lga.com\/en\/servicios\/","name":"Dienstleistungen - Traducci\u00f3n Jurada LGA","isPartOf":{"@id":"http:\/\/traduccionjurada-lga.com\/#website"},"datePublished":"2017-01-25T11:19:10+00:00","dateModified":"2018-03-18T17:33:25+00:00","breadcrumb":{"@id":"http:\/\/traduccionjurada-lga.com\/en\/servicios\/#breadcrumb"},"inLanguage":"de","potentialAction":[{"@type":"ReadAction","target":["http:\/\/traduccionjurada-lga.com\/en\/servicios\/"]}]},{"@type":"BreadcrumbList","@id":"http:\/\/traduccionjurada-lga.com\/en\/servicios\/#breadcrumb","itemListElement":[{"@type":"ListItem","position":1,"name":"Portada","item":"http:\/\/traduccionjurada-lga.com\/"},{"@type":"ListItem","position":2,"name":"Services"}]},{"@type":"WebSite","@id":"http:\/\/traduccionjurada-lga.com\/#website","url":"http:\/\/traduccionjurada-lga.com\/","name":"Traducci\u00f3n Jurada LGA","description":"Otro sitio realizado con WordPress","potentialAction":[{"@type":"SearchAction","target":{"@type":"EntryPoint","urlTemplate":"http:\/\/traduccionjurada-lga.com\/?s={search_term_string}"},"query-input":{"@type":"PropertyValueSpecification","valueRequired":true,"valueName":"search_term_string"}}],"inLanguage":"de"}]}},"_links":{"self":[{"href":"https:\/\/traduccionjurada-lga.com\/de\/wp-json\/wp\/v2\/pages\/14","targetHints":{"allow":["GET"]}}],"collection":[{"href":"https:\/\/traduccionjurada-lga.com\/de\/wp-json\/wp\/v2\/pages"}],"about":[{"href":"https:\/\/traduccionjurada-lga.com\/de\/wp-json\/wp\/v2\/types\/page"}],"author":[{"embeddable":true,"href":"https:\/\/traduccionjurada-lga.com\/de\/wp-json\/wp\/v2\/users\/1"}],"replies":[{"embeddable":true,"href":"https:\/\/traduccionjurada-lga.com\/de\/wp-json\/wp\/v2\/comments?post=14"}],"version-history":[{"count":11,"href":"https:\/\/traduccionjurada-lga.com\/de\/wp-json\/wp\/v2\/pages\/14\/revisions"}],"predecessor-version":[{"id":179,"href":"https:\/\/traduccionjurada-lga.com\/de\/wp-json\/wp\/v2\/pages\/14\/revisions\/179"}],"wp:attachment":[{"href":"https:\/\/traduccionjurada-lga.com\/de\/wp-json\/wp\/v2\/media?parent=14"}],"curies":[{"name":"wp","href":"https:\/\/api.w.org\/{rel}","templated":true}]}}