{"id":6,"date":"2017-01-25T11:12:52","date_gmt":"2017-01-25T11:12:52","guid":{"rendered":"http:\/\/traduccionjurada-lga.com\/?page_id=6"},"modified":"2019-04-14T17:31:41","modified_gmt":"2019-04-14T17:31:41","slug":"traduccion-2","status":"publish","type":"page","link":"https:\/\/traduccionjurada-lga.com\/de\/","title":{"rendered":"Zuhause"},"content":{"rendered":"<p><\/p>\n<section id=\"inicio\"><img loading=\"lazy\" decoding=\"async\" class=\"mouse-img wp-image-25 size-full\" src=\"wp-content\/uploads\/2017\/01\/mouse.png\" alt=\"mouse\" width=\"20\" height=\"29\"><br \/>\n<img loading=\"lazy\" decoding=\"async\" class=\"arrow-img wp-image-32 size-full\" src=\"wp-content\/uploads\/2017\/01\/arrow.png\" alt=\"arrow\" width=\"44\" height=\"24\"><\/p>\n<div class=\"info\">\n<h3 style=\"text-align: center;\">\u201eDie Sprache Europas ist die \u00dcbersetzung\u201c<\/h3>\n<p style=\"text-align: center;\">Umberto Eco<\/p>\n<\/div>\n<\/section>\n<section id=\"servicios\">\n<div class=\"info\">\n<div class=\"intro\">&nbsp;<\/div>\n<h2 style=\"text-align: center;\">Dienstleistungen<\/h2>\n<div class=\"info-servicios\">\n<article class=\"art-servicios\"><img decoding=\"async\" class=\"icono-article aligncenter wp-image-42 size-full\" src=\"wp-content\/uploads\/2017\/01\/icono-interpretacion.png\" alt=\"icono-interpretacion\"><\/p>\n<h3 style=\"text-align: center;\">DOLMETSCHEN<\/h3>\n<p style=\"text-align: center;\">Erleichterung der m\u00fcndlichen Kommunikation zwischen Gespr\u00e4chspartnern, die keine gemeinsame Sprache haben. Messen, Konferenzen, Meetings\u2026. Bitte f\u00fcllen Sie das Kontaktformular f\u00fcr mehr Informationen aus.<\/p>\n<\/article>\n<\/div>\n<div class=\"info-servicios\">\n<article class=\"art-servicios\"><img decoding=\"async\" class=\"icono-article aligncenter wp-image-42 size-full\" src=\"wp-content\/uploads\/2017\/01\/icono-traduccion.png\" alt=\"icono-traduccion\"><\/p>\n<h3 style=\"text-align: center;\">\u00dcBERSETZUNG<\/h3>\n<p style=\"text-align: center;\">Hier finden Sie die verschiedenen Arten von \u00dcbersetzungen, die ich vornehmen kann. Sollten Sie eine dar\u00fcber hinausgehende Dienstleistung ben\u00f6tigen, z\u00f6gern Sie bitte nicht, mit mir in Kontakt zu treten, so dass ich Ihnen einen anderen geeigneten Dienstleister vorschlagen kann.<\/p>\n<p style=\"text-align: center;\"><a href=\"traduccion\">LESEN SIE MEHR<\/a><\/p>\n<\/article>\n<\/div>\n<div class=\"info-servicios\">\n<article class=\"art-servicios\"><img decoding=\"async\" class=\"icono-article aligncenter wp-image-42 size-full\" src=\"wp-content\/uploads\/2017\/01\/icono-revision.png\" alt=\"icono-revision\"><\/p>\n<h3 style=\"text-align: center;\">\u00dcBERPR\u00dcFUNG<\/h3>\n<p style=\"text-align: center;\">Bearbeitung und Korrekturlesen von Texten, um ein besseres Verst\u00e4ndnis des Geschriebenen zu gew\u00e4hrleisten.<\/p>\n<\/article>\n<\/div>\n<\/div>\n<\/section>\n<section id=\"sobre-mi\">\n<div>&nbsp;<\/div>\n<div>\n<h2>\u00dcBER MICH<\/h2>\n<p>Wir alle brauchen irgendwann in unserem Leben einen \u00dcbersetzer, und ich m\u00f6chte Ihnen in einer solchen Situation helfen. Ich bin seit 2008 professionelle \u00dcbersetzerin und seit 2009 vom spanischen Ministerium f\u00fcr ausw\u00e4rtige Angelegenheiten und Kooperation als \u00dcbersetzerin vereidigt. Dar\u00fcber hinaus bin ich als vereidigte \u00dcbersetzerin an den Gerichten erster Instanz von L\u00fcttich und Mons in Belgien akkreditiert. Ich bin auf juristische \u00dcbersetzungen spezialisiert. Meine Erfahrung erstreckt sich aber dar\u00fcber hinaus auch auf \u00dcbersetzungen verschiedener weiterer Bereiche wie technische, IT und gewerbliche Sachverhalte.<br \/>\n<a href=\"quien-soy\">LESEN SIE MEHR<\/a><\/p>\n<\/div>\n<\/section>\n<section id=\"recursos\">\n<div>\n<p><img decoding=\"async\" class=\"aligncenter wp-image-71 size-full\" src=\"wp-content\/uploads\/2017\/01\/icono-recursos.png\" alt=\"icono-recursos\"><\/p>\n<h2 style=\"text-align: center;\">Internetressourcen f\u00fcr \u00dcbersetzer<\/h2>\n<p>Hiernach finden Sie eine nicht abschlie\u00dfende Liste an Internetressourcen f\u00fcr \u00dcbersetzer und<br \/>\nLinguisten. Ich hoffe, Sie finden diese hilfreich.<\/p>\n<p><a href=\"recursos\">LESEN SIE MEHR<\/a><\/p>\n<\/div>\n<\/section>\n<section id=\"imagen\">\n<div>&nbsp;<\/div>\n<\/section>\n<section id=\"contacto\">\n<div class=\"contacto-principal\">\n<p><img decoding=\"async\" class=\"aligncenter wp-image-70 size-full\" src=\"wp-content\/uploads\/2017\/01\/icono-contacto.png\" alt=\"icono-contacto\"><\/p>\n<h2 style=\"text-align: center;\">Kontakt<\/h2>\n<p class=\"contacto-texto\">Erhalten Sie ein kostenloses Angebot-ohne Verpflichtungen.<\/p>\n\n<div class=\"wpcf7 no-js\" id=\"wpcf7-f173-o3\" lang=\"es-ES\" dir=\"ltr\" data-wpcf7-id=\"173\">\n<div class=\"screen-reader-response\"><p role=\"status\" aria-live=\"polite\" aria-atomic=\"true\"><\/p> <ul><\/ul><\/div>\n<form action=\"\/de\/wp-json\/wp\/v2\/pages\/6#wpcf7-f173-o3\" method=\"post\" class=\"wpcf7-form init\" aria-label=\"Formulario de contacto\" novalidate=\"novalidate\" data-status=\"init\">\n<fieldset class=\"hidden-fields-container\"><input type=\"hidden\" name=\"_wpcf7\" value=\"173\" \/><input type=\"hidden\" name=\"_wpcf7_version\" value=\"6.1.3\" \/><input type=\"hidden\" name=\"_wpcf7_locale\" value=\"es_ES\" \/><input type=\"hidden\" name=\"_wpcf7_unit_tag\" value=\"wpcf7-f173-o3\" \/><input type=\"hidden\" name=\"_wpcf7_container_post\" value=\"0\" \/><input type=\"hidden\" name=\"_wpcf7_posted_data_hash\" value=\"\" \/>\n<\/fieldset>\n<p><label>Name*<br \/>\n<span class=\"wpcf7-form-control-wrap\" data-name=\"your-name\"><input size=\"40\" maxlength=\"400\" class=\"wpcf7-form-control wpcf7-text wpcf7-validates-as-required\" aria-required=\"true\" aria-invalid=\"false\" value=\"\" type=\"text\" name=\"your-name\" \/><\/span> <\/label>\n<\/p>\n<p><label>E-mail*<br \/>\n<span class=\"wpcf7-form-control-wrap\" data-name=\"your-email\"><input size=\"40\" maxlength=\"400\" class=\"wpcf7-form-control wpcf7-email wpcf7-validates-as-required wpcf7-text wpcf7-validates-as-email\" aria-required=\"true\" aria-invalid=\"false\" value=\"\" type=\"email\" name=\"your-email\" \/><\/span> <\/label>\n<\/p>\n<p><label>Betreff*<br \/>\n<span class=\"wpcf7-form-control-wrap\" data-name=\"your-subject\"><input size=\"40\" maxlength=\"400\" class=\"wpcf7-form-control wpcf7-text wpcf7-validates-as-required\" aria-required=\"true\" aria-invalid=\"false\" value=\"\" type=\"text\" name=\"your-subject\" \/><\/span> <\/label>\n<\/p>\n<p><label>Nachricht*<br \/>\n<span class=\"wpcf7-form-control-wrap\" data-name=\"your-message\"><textarea cols=\"40\" rows=\"10\" maxlength=\"2000\" class=\"wpcf7-form-control wpcf7-textarea wpcf7-validates-as-required\" aria-required=\"true\" aria-invalid=\"false\" name=\"your-message\"><\/textarea><\/span> <\/label>\n<\/p>\n<p>[recaptcha]\n<\/p>\n<p><input class=\"wpcf7-form-control wpcf7-submit has-spinner\" type=\"submit\" value=\"SENDEN\" \/>\n<\/p><div class=\"wpcf7-response-output\" aria-hidden=\"true\"><\/div>\n<\/form>\n<\/div>\n\n<\/div>\n<\/section>\n<p><\/p>","protected":false},"excerpt":{"rendered":"<p>\u201eDie Sprache Europas ist die \u00dcbersetzung\u201c Umberto Eco &nbsp; Dienstleistungen DOLMETSCHEN Erleichterung der m\u00fcndlichen Kommunikation zwischen Gespr\u00e4chspartnern, die keine gemeinsame Sprache haben. Messen, Konferenzen, Meetings\u2026. Bitte f\u00fcllen Sie das Kontaktformular f\u00fcr mehr Informationen aus. \u00dcBERSETZUNG Hier finden Sie die verschiedenen Arten von \u00dcbersetzungen, die ich vornehmen kann. Sollten Sie eine dar\u00fcber hinausgehende Dienstleistung ben\u00f6tigen, z\u00f6gern [&hellip;]<\/p>\n","protected":false},"author":1,"featured_media":0,"parent":0,"menu_order":0,"comment_status":"closed","ping_status":"closed","template":"","meta":{"_monsterinsights_skip_tracking":false,"_monsterinsights_sitenote_active":false,"_monsterinsights_sitenote_note":"","_monsterinsights_sitenote_category":0,"footnotes":""},"class_list":["post-6","page","type-page","status-publish","hentry"],"yoast_head":"<!-- This site is optimized with the Yoast SEO plugin v26.4 - https:\/\/yoast.com\/wordpress\/plugins\/seo\/ -->\n<title>Zuhause - Traducci\u00f3n Jurada LGA<\/title>\n<meta name=\"description\" content=\"Traductora jurada con amplia experiencia en la traducci\u00f3n, interpretaci\u00f3n y revisi\u00f3n de todo tipo de documentos escritos.\" \/>\n<meta name=\"robots\" content=\"index, follow, max-snippet:-1, max-image-preview:large, max-video-preview:-1\" \/>\n<link rel=\"canonical\" href=\"http:\/\/traduccionjurada-lga.com\/\" \/>\n<meta property=\"og:locale\" content=\"de_DE\" \/>\n<meta property=\"og:type\" content=\"article\" \/>\n<meta property=\"og:title\" content=\"Zuhause - Traducci\u00f3n Jurada LGA\" \/>\n<meta property=\"og:description\" content=\"Traductora jurada con amplia experiencia en la traducci\u00f3n, interpretaci\u00f3n y revisi\u00f3n de todo tipo de documentos escritos.\" \/>\n<meta property=\"og:url\" content=\"http:\/\/traduccionjurada-lga.com\/\" \/>\n<meta property=\"og:site_name\" content=\"Traducci\u00f3n Jurada LGA\" \/>\n<meta property=\"article:modified_time\" content=\"2019-04-14T17:31:41+00:00\" \/>\n<meta name=\"twitter:card\" content=\"summary_large_image\" \/>\n<meta name=\"twitter:label1\" content=\"Gesch\u00e4tzte Lesezeit\" \/>\n\t<meta name=\"twitter:data1\" content=\"6\u00a0Minuten\" \/>\n<script type=\"application\/ld+json\" class=\"yoast-schema-graph\">{\"@context\":\"https:\/\/schema.org\",\"@graph\":[{\"@type\":\"WebPage\",\"@id\":\"http:\/\/traduccionjurada-lga.com\/\",\"url\":\"http:\/\/traduccionjurada-lga.com\/\",\"name\":\"Zuhause - Traducci\u00f3n Jurada LGA\",\"isPartOf\":{\"@id\":\"http:\/\/traduccionjurada-lga.com\/#website\"},\"datePublished\":\"2017-01-25T11:12:52+00:00\",\"dateModified\":\"2019-04-14T17:31:41+00:00\",\"description\":\"Traductora jurada con amplia experiencia en la traducci\u00f3n, interpretaci\u00f3n y revisi\u00f3n de todo tipo de documentos escritos.\",\"breadcrumb\":{\"@id\":\"http:\/\/traduccionjurada-lga.com\/#breadcrumb\"},\"inLanguage\":\"de\",\"potentialAction\":[{\"@type\":\"ReadAction\",\"target\":[\"http:\/\/traduccionjurada-lga.com\/\"]}]},{\"@type\":\"BreadcrumbList\",\"@id\":\"http:\/\/traduccionjurada-lga.com\/#breadcrumb\",\"itemListElement\":[{\"@type\":\"ListItem\",\"position\":1,\"name\":\"Portada\",\"item\":\"http:\/\/traduccionjurada-lga.com\/\"},{\"@type\":\"ListItem\",\"position\":2,\"name\":\"Inicio\"}]},{\"@type\":\"WebSite\",\"@id\":\"http:\/\/traduccionjurada-lga.com\/#website\",\"url\":\"http:\/\/traduccionjurada-lga.com\/\",\"name\":\"Traducci\u00f3n Jurada LGA\",\"description\":\"Otro sitio realizado con WordPress\",\"potentialAction\":[{\"@type\":\"SearchAction\",\"target\":{\"@type\":\"EntryPoint\",\"urlTemplate\":\"http:\/\/traduccionjurada-lga.com\/?s={search_term_string}\"},\"query-input\":{\"@type\":\"PropertyValueSpecification\",\"valueRequired\":true,\"valueName\":\"search_term_string\"}}],\"inLanguage\":\"de\"}]}<\/script>\n<!-- \/ Yoast SEO plugin. -->","yoast_head_json":{"title":"Zuhause - Traducci\u00f3n Jurada LGA","description":"Traductora jurada con amplia experiencia en la traducci\u00f3n, interpretaci\u00f3n y revisi\u00f3n de todo tipo de documentos escritos.","robots":{"index":"index","follow":"follow","max-snippet":"max-snippet:-1","max-image-preview":"max-image-preview:large","max-video-preview":"max-video-preview:-1"},"canonical":"http:\/\/traduccionjurada-lga.com\/","og_locale":"de_DE","og_type":"article","og_title":"Zuhause - Traducci\u00f3n Jurada LGA","og_description":"Traductora jurada con amplia experiencia en la traducci\u00f3n, interpretaci\u00f3n y revisi\u00f3n de todo tipo de documentos escritos.","og_url":"http:\/\/traduccionjurada-lga.com\/","og_site_name":"Traducci\u00f3n Jurada LGA","article_modified_time":"2019-04-14T17:31:41+00:00","twitter_card":"summary_large_image","twitter_misc":{"Gesch\u00e4tzte Lesezeit":"6\u00a0Minuten"},"schema":{"@context":"https:\/\/schema.org","@graph":[{"@type":"WebPage","@id":"http:\/\/traduccionjurada-lga.com\/","url":"http:\/\/traduccionjurada-lga.com\/","name":"Zuhause - Traducci\u00f3n Jurada LGA","isPartOf":{"@id":"http:\/\/traduccionjurada-lga.com\/#website"},"datePublished":"2017-01-25T11:12:52+00:00","dateModified":"2019-04-14T17:31:41+00:00","description":"Traductora jurada con amplia experiencia en la traducci\u00f3n, interpretaci\u00f3n y revisi\u00f3n de todo tipo de documentos escritos.","breadcrumb":{"@id":"http:\/\/traduccionjurada-lga.com\/#breadcrumb"},"inLanguage":"de","potentialAction":[{"@type":"ReadAction","target":["http:\/\/traduccionjurada-lga.com\/"]}]},{"@type":"BreadcrumbList","@id":"http:\/\/traduccionjurada-lga.com\/#breadcrumb","itemListElement":[{"@type":"ListItem","position":1,"name":"Portada","item":"http:\/\/traduccionjurada-lga.com\/"},{"@type":"ListItem","position":2,"name":"Inicio"}]},{"@type":"WebSite","@id":"http:\/\/traduccionjurada-lga.com\/#website","url":"http:\/\/traduccionjurada-lga.com\/","name":"Traducci\u00f3n Jurada LGA","description":"Otro sitio realizado con WordPress","potentialAction":[{"@type":"SearchAction","target":{"@type":"EntryPoint","urlTemplate":"http:\/\/traduccionjurada-lga.com\/?s={search_term_string}"},"query-input":{"@type":"PropertyValueSpecification","valueRequired":true,"valueName":"search_term_string"}}],"inLanguage":"de"}]}},"_links":{"self":[{"href":"https:\/\/traduccionjurada-lga.com\/de\/wp-json\/wp\/v2\/pages\/6","targetHints":{"allow":["GET"]}}],"collection":[{"href":"https:\/\/traduccionjurada-lga.com\/de\/wp-json\/wp\/v2\/pages"}],"about":[{"href":"https:\/\/traduccionjurada-lga.com\/de\/wp-json\/wp\/v2\/types\/page"}],"author":[{"embeddable":true,"href":"https:\/\/traduccionjurada-lga.com\/de\/wp-json\/wp\/v2\/users\/1"}],"replies":[{"embeddable":true,"href":"https:\/\/traduccionjurada-lga.com\/de\/wp-json\/wp\/v2\/comments?post=6"}],"version-history":[{"count":24,"href":"https:\/\/traduccionjurada-lga.com\/de\/wp-json\/wp\/v2\/pages\/6\/revisions"}],"predecessor-version":[{"id":237,"href":"https:\/\/traduccionjurada-lga.com\/de\/wp-json\/wp\/v2\/pages\/6\/revisions\/237"}],"wp:attachment":[{"href":"https:\/\/traduccionjurada-lga.com\/de\/wp-json\/wp\/v2\/media?parent=6"}],"curies":[{"name":"wp","href":"https:\/\/api.w.org\/{rel}","templated":true}]}}