{"id":8,"date":"2017-01-25T11:13:57","date_gmt":"2017-01-25T11:13:57","guid":{"rendered":"http:\/\/traduccionjurada-lga.com\/?page_id=8"},"modified":"2018-03-19T09:52:00","modified_gmt":"2018-03-19T09:52:00","slug":"traduccion","status":"publish","type":"page","link":"https:\/\/traduccionjurada-lga.com\/de\/traduccion\/","title":{"rendered":"\u00dcbersetzung"},"content":{"rendered":"<p><\/p>\n<section id=\"inicio\"><img loading=\"lazy\" decoding=\"async\" class=\"mouse-img wp-image-25 size-full\" src=\"..\/wp-content\/uploads\/2017\/01\/mouse.png\" alt=\"mouse\" width=\"20\" height=\"29\" \/><br \/>\n<img loading=\"lazy\" decoding=\"async\" class=\"arrow-img wp-image-32 size-full\" src=\"..\/wp-content\/uploads\/2017\/01\/arrow.png\" alt=\"arrow\" width=\"44\" height=\"24\" \/><\/p>\n<div class=\"info\">\n<p><img decoding=\"async\" class=\"icono-page aligncenter wp-image-42 size-full\" src=\"..\/wp-content\/uploads\/2017\/01\/icono-traduccion.png\" alt=\"icono-traduccion\" \/><\/p>\n<h3 style=\"text-align: center;\">\u00dcBERSETZUNG<\/h3>\n<p style=\"text-align: center;\">Hier finden Sie die verschiedenen Arten von \u00dcbersetzungen, die ich vornehmen kann. Sollten Sie eine dar\u00fcber hinausgehende Dienstleistung ben\u00f6tigen, z\u00f6gern Sie bitte nicht, mit mir in Kontakt zu treten, so dass ich Ihnen einen anderen geeigneten Dienstleister vorschlagen kann.<\/p>\n<\/div>\n<\/section>\n<section id=\"traduccion\">\n<div id=\"traduccion-jurada\">\n<p><img decoding=\"async\" class=\"aligncenter wp-image-71 size-full\" src=\"..\/wp-content\/uploads\/2017\/01\/icono-traduccion2.png\" alt=\"icono-traducci\u00f3n\" \/><\/p>\n<h2 style=\"text-align: center;\">vereidigt<\/h2>\n<p>Sprachkombinationen<\/p>\n<p>Franz\u00f6sisch &gt; Spanisch<\/p>\n<p>Spanisch &gt; Franz\u00f6sisch<\/p>\n<p>\u00dcbersetzungen f\u00fcr rechtliche und offizielle Zwecke.<\/p>\n<\/div>\n<p><a class=\"ancla\" name=\"traduccion-general\"><\/a><a class=\"ancla\" name=\"traduccion-tecnica\"><\/a><\/p>\n<\/section>\n<section id=\"double-1\">\n<div class=\"double-margin\">\n<div class=\"double-page\">\n<div class=\"double-info\">\n<p><img decoding=\"async\" class=\"aligncenter wp-image-71 size-full\" src=\"..\/wp-content\/uploads\/2017\/01\/icono-general.png\" alt=\"icono-general\" \/><\/p>\n<h2 style=\"text-align: center;\">allgemein<\/h2>\n<p>Sprachkombinationen<\/p>\n<p>Franz\u00f6sisch, Englisch, Deutsch, Italienisch &gt; Spanisch<\/p>\n<p>Englisch, Spanisch &gt; Franz\u00f6sisch<\/p>\n<p>Franz\u00f6sisch, Spanisch &gt; Englisch<\/p>\n<h4>Das Konzept allgemeiner \u00dcbersetzung bezieht sich auf die \u00dcbersetzung eines nicht tehmenspezifischen Textes. In dieser Art der \u00dcbersetzung ist die Anpassung an den Kontext entscheidend.<\/h4>\n<\/div>\n<p><a class=\"ancla\" name=\"traduccion-economico-financiera\"><\/a><\/p>\n<\/div>\n<div class=\"double-page\">\n<div class=\"double-info\">\n<p><img decoding=\"async\" class=\"aligncenter wp-image-71 size-full\" src=\"..\/wp-content\/uploads\/2017\/01\/icono-cientifica.png\" alt=\"icono-cientifica\" \/><\/p>\n<h2 style=\"text-align: center;\">technisch<\/h2>\n<p>Sprachkombinationen<\/p>\n<p>Franz\u00f6sisch, Englisch, Italienisch &gt; Spanisch<br \/>\nEnglisch, Spanisch &gt; Franz\u00f6sisch<br \/>\nFranz\u00f6sisch, Spanisch &gt; Englisch<\/p>\n<h4>\u00dcbersetzung technischer Sachverhalte macht h\u00e4ufig den gr\u00f6\u00dften Arbeitsanteil professioneller \u00dcbersetzung aus. Diese Art von \u00dcbersetzungen geht von Themengebieten wie Patenten, Essays und wissenschaftlichen Abhandlungen \u00fcber medizinische Dokumente und Gebrauchsanweisungen.<\/h4>\n<\/div>\n<p><a class=\"ancla\" name=\"traduccion-juridica\"><\/a><\/p>\n<\/div>\n<\/div>\n<\/section>\n<section id=\"double-2\">\n<div class=\"double-margin\">\n<div class=\"double-page\">\n<div class=\"double-info\">\n<p><img decoding=\"async\" class=\"aligncenter wp-image-71 size-full\" src=\"..\/wp-content\/uploads\/2017\/01\/icono-economica.png\" alt=\"icono-economica\" \/><\/p>\n<h2 style=\"text-align: center;\">wirtschaftlich-\u00f6konomisch<\/h2>\n<p>Sprachkombinationen<\/p>\n<p>Franz\u00f6sisch, Englisch, Italienisch &gt; Spanisch<\/p>\n<p>Englisch, Spanisch &gt; Franz\u00f6sisch<\/p>\n<h4>Globalisierung bedeutet, dass Individuen und Unternehmen geleicherma\u00dfen Sprachbarrieren \u00fcberbr\u00fccken m\u00fcssen, um ambitionierte Projekte auf internationaler Ebene durchf\u00fchren zu k\u00f6nnen.<\/h4>\n<\/div>\n<\/div>\n<div class=\"double-page\">\n<div class=\"double-info\">\n<p><img decoding=\"async\" class=\"aligncenter wp-image-71 size-full\" src=\"..\/wp-content\/uploads\/2017\/01\/icono-juridica.png\" alt=\"icono-juridica\" \/><\/p>\n<h2 style=\"text-align: center;\">rechtlich<\/h2>\n<p>Sprachkombinationen<\/p>\n<p>Franz\u00f6sisch, Englisch, Italienisch &gt; Spanisch<\/p>\n<p>Englisch, Spanisch &gt; Franz\u00f6sisch<\/p>\n<h4>\u00dcbersetzungen von Texten in verschiedenen Rechtsbereichen.<\/h4>\n<\/div>\n<\/div>\n<\/div>\n<\/section>\n<p><\/p>","protected":false},"excerpt":{"rendered":"<p>\u00dcBERSETZUNG Hier finden Sie die verschiedenen Arten von \u00dcbersetzungen, die ich vornehmen kann. Sollten Sie eine dar\u00fcber hinausgehende Dienstleistung ben\u00f6tigen, z\u00f6gern Sie bitte nicht, mit mir in Kontakt zu treten, so dass ich Ihnen einen anderen geeigneten Dienstleister vorschlagen kann. vereidigt Sprachkombinationen Franz\u00f6sisch &gt; Spanisch Spanisch &gt; Franz\u00f6sisch \u00dcbersetzungen f\u00fcr rechtliche und offizielle Zwecke. allgemein [&hellip;]<\/p>\n","protected":false},"author":1,"featured_media":0,"parent":0,"menu_order":0,"comment_status":"closed","ping_status":"closed","template":"","meta":{"_monsterinsights_skip_tracking":false,"_monsterinsights_sitenote_active":false,"_monsterinsights_sitenote_note":"","_monsterinsights_sitenote_category":0,"footnotes":""},"class_list":["post-8","page","type-page","status-publish","hentry"],"yoast_head":"<!-- This site is optimized with the Yoast SEO plugin v26.4 - https:\/\/yoast.com\/wordpress\/plugins\/seo\/ -->\n<title>\u00dcbersetzung - Traducci\u00f3n Jurada LGA<\/title>\n<meta name=\"robots\" content=\"index, follow, max-snippet:-1, max-image-preview:large, max-video-preview:-1\" \/>\n<link rel=\"canonical\" href=\"http:\/\/traduccionjurada-lga.com\/en\/traduccion\/\" \/>\n<meta property=\"og:locale\" content=\"de_DE\" \/>\n<meta property=\"og:type\" content=\"article\" \/>\n<meta property=\"og:title\" content=\"\u00dcbersetzung - Traducci\u00f3n Jurada LGA\" \/>\n<meta property=\"og:description\" content=\"\u00dcBERSETZUNG Hier finden Sie die verschiedenen Arten von \u00dcbersetzungen, die ich vornehmen kann. Sollten Sie eine dar\u00fcber hinausgehende Dienstleistung ben\u00f6tigen, z\u00f6gern Sie bitte nicht, mit mir in Kontakt zu treten, so dass ich Ihnen einen anderen geeigneten Dienstleister vorschlagen kann. vereidigt Sprachkombinationen Franz\u00f6sisch &gt; Spanisch Spanisch &gt; Franz\u00f6sisch \u00dcbersetzungen f\u00fcr rechtliche und offizielle Zwecke. allgemein [&hellip;]\" \/>\n<meta property=\"og:url\" content=\"http:\/\/traduccionjurada-lga.com\/en\/traduccion\/\" \/>\n<meta property=\"og:site_name\" content=\"Traducci\u00f3n Jurada LGA\" \/>\n<meta property=\"article:modified_time\" content=\"2018-03-19T09:52:00+00:00\" \/>\n<meta name=\"twitter:card\" content=\"summary_large_image\" \/>\n<meta name=\"twitter:label1\" content=\"Gesch\u00e4tzte Lesezeit\" \/>\n\t<meta name=\"twitter:data1\" content=\"7\u00a0Minuten\" \/>\n<script type=\"application\/ld+json\" class=\"yoast-schema-graph\">{\"@context\":\"https:\/\/schema.org\",\"@graph\":[{\"@type\":\"WebPage\",\"@id\":\"http:\/\/traduccionjurada-lga.com\/en\/traduccion\/\",\"url\":\"http:\/\/traduccionjurada-lga.com\/en\/traduccion\/\",\"name\":\"\u00dcbersetzung - Traducci\u00f3n Jurada LGA\",\"isPartOf\":{\"@id\":\"http:\/\/traduccionjurada-lga.com\/#website\"},\"datePublished\":\"2017-01-25T11:13:57+00:00\",\"dateModified\":\"2018-03-19T09:52:00+00:00\",\"breadcrumb\":{\"@id\":\"http:\/\/traduccionjurada-lga.com\/en\/traduccion\/#breadcrumb\"},\"inLanguage\":\"de\",\"potentialAction\":[{\"@type\":\"ReadAction\",\"target\":[\"http:\/\/traduccionjurada-lga.com\/en\/traduccion\/\"]}]},{\"@type\":\"BreadcrumbList\",\"@id\":\"http:\/\/traduccionjurada-lga.com\/en\/traduccion\/#breadcrumb\",\"itemListElement\":[{\"@type\":\"ListItem\",\"position\":1,\"name\":\"Portada\",\"item\":\"http:\/\/traduccionjurada-lga.com\/\"},{\"@type\":\"ListItem\",\"position\":2,\"name\":\"Translation\"}]},{\"@type\":\"WebSite\",\"@id\":\"http:\/\/traduccionjurada-lga.com\/#website\",\"url\":\"http:\/\/traduccionjurada-lga.com\/\",\"name\":\"Traducci\u00f3n Jurada LGA\",\"description\":\"Otro sitio realizado con WordPress\",\"potentialAction\":[{\"@type\":\"SearchAction\",\"target\":{\"@type\":\"EntryPoint\",\"urlTemplate\":\"http:\/\/traduccionjurada-lga.com\/?s={search_term_string}\"},\"query-input\":{\"@type\":\"PropertyValueSpecification\",\"valueRequired\":true,\"valueName\":\"search_term_string\"}}],\"inLanguage\":\"de\"}]}<\/script>\n<!-- \/ Yoast SEO plugin. -->","yoast_head_json":{"title":"\u00dcbersetzung - Traducci\u00f3n Jurada LGA","robots":{"index":"index","follow":"follow","max-snippet":"max-snippet:-1","max-image-preview":"max-image-preview:large","max-video-preview":"max-video-preview:-1"},"canonical":"http:\/\/traduccionjurada-lga.com\/en\/traduccion\/","og_locale":"de_DE","og_type":"article","og_title":"\u00dcbersetzung - Traducci\u00f3n Jurada LGA","og_description":"\u00dcBERSETZUNG Hier finden Sie die verschiedenen Arten von \u00dcbersetzungen, die ich vornehmen kann. Sollten Sie eine dar\u00fcber hinausgehende Dienstleistung ben\u00f6tigen, z\u00f6gern Sie bitte nicht, mit mir in Kontakt zu treten, so dass ich Ihnen einen anderen geeigneten Dienstleister vorschlagen kann. vereidigt Sprachkombinationen Franz\u00f6sisch &gt; Spanisch Spanisch &gt; Franz\u00f6sisch \u00dcbersetzungen f\u00fcr rechtliche und offizielle Zwecke. allgemein [&hellip;]","og_url":"http:\/\/traduccionjurada-lga.com\/en\/traduccion\/","og_site_name":"Traducci\u00f3n Jurada LGA","article_modified_time":"2018-03-19T09:52:00+00:00","twitter_card":"summary_large_image","twitter_misc":{"Gesch\u00e4tzte Lesezeit":"7\u00a0Minuten"},"schema":{"@context":"https:\/\/schema.org","@graph":[{"@type":"WebPage","@id":"http:\/\/traduccionjurada-lga.com\/en\/traduccion\/","url":"http:\/\/traduccionjurada-lga.com\/en\/traduccion\/","name":"\u00dcbersetzung - Traducci\u00f3n Jurada LGA","isPartOf":{"@id":"http:\/\/traduccionjurada-lga.com\/#website"},"datePublished":"2017-01-25T11:13:57+00:00","dateModified":"2018-03-19T09:52:00+00:00","breadcrumb":{"@id":"http:\/\/traduccionjurada-lga.com\/en\/traduccion\/#breadcrumb"},"inLanguage":"de","potentialAction":[{"@type":"ReadAction","target":["http:\/\/traduccionjurada-lga.com\/en\/traduccion\/"]}]},{"@type":"BreadcrumbList","@id":"http:\/\/traduccionjurada-lga.com\/en\/traduccion\/#breadcrumb","itemListElement":[{"@type":"ListItem","position":1,"name":"Portada","item":"http:\/\/traduccionjurada-lga.com\/"},{"@type":"ListItem","position":2,"name":"Translation"}]},{"@type":"WebSite","@id":"http:\/\/traduccionjurada-lga.com\/#website","url":"http:\/\/traduccionjurada-lga.com\/","name":"Traducci\u00f3n Jurada LGA","description":"Otro sitio realizado con WordPress","potentialAction":[{"@type":"SearchAction","target":{"@type":"EntryPoint","urlTemplate":"http:\/\/traduccionjurada-lga.com\/?s={search_term_string}"},"query-input":{"@type":"PropertyValueSpecification","valueRequired":true,"valueName":"search_term_string"}}],"inLanguage":"de"}]}},"_links":{"self":[{"href":"https:\/\/traduccionjurada-lga.com\/de\/wp-json\/wp\/v2\/pages\/8","targetHints":{"allow":["GET"]}}],"collection":[{"href":"https:\/\/traduccionjurada-lga.com\/de\/wp-json\/wp\/v2\/pages"}],"about":[{"href":"https:\/\/traduccionjurada-lga.com\/de\/wp-json\/wp\/v2\/types\/page"}],"author":[{"embeddable":true,"href":"https:\/\/traduccionjurada-lga.com\/de\/wp-json\/wp\/v2\/users\/1"}],"replies":[{"embeddable":true,"href":"https:\/\/traduccionjurada-lga.com\/de\/wp-json\/wp\/v2\/comments?post=8"}],"version-history":[{"count":19,"href":"https:\/\/traduccionjurada-lga.com\/de\/wp-json\/wp\/v2\/pages\/8\/revisions"}],"predecessor-version":[{"id":192,"href":"https:\/\/traduccionjurada-lga.com\/de\/wp-json\/wp\/v2\/pages\/8\/revisions\/192"}],"wp:attachment":[{"href":"https:\/\/traduccionjurada-lga.com\/de\/wp-json\/wp\/v2\/media?parent=8"}],"curies":[{"name":"wp","href":"https:\/\/api.w.org\/{rel}","templated":true}]}}