{"id":6,"date":"2017-01-25T11:12:52","date_gmt":"2017-01-25T11:12:52","guid":{"rendered":"http:\/\/traduccionjurada-lga.com\/?page_id=6"},"modified":"2019-04-14T17:31:41","modified_gmt":"2019-04-14T17:31:41","slug":"traduccion-2","status":"publish","type":"page","link":"https:\/\/traduccionjurada-lga.com\/en\/","title":{"rendered":"Index"},"content":{"rendered":"<p><\/p>\n<section id=\"inicio\"><img loading=\"lazy\" decoding=\"async\" class=\"mouse-img wp-image-25 size-full\" src=\"wp-content\/uploads\/2017\/01\/mouse.png\" alt=\"mouse\" width=\"20\" height=\"29\"><br \/>\n<img loading=\"lazy\" decoding=\"async\" class=\"arrow-img wp-image-32 size-full\" src=\"wp-content\/uploads\/2017\/01\/arrow.png\" alt=\"arrow\" width=\"44\" height=\"24\"><\/p>\n<div class=\"info\">\n<h3 style=\"text-align: center;\">&#8220;The language of Europe is translation&#8221;<\/h3>\n<p style=\"text-align: center;\">Umberto Eco<\/p>\n<\/div>\n<\/section>\n<section id=\"servicios\">\n<div class=\"info\">\n<div class=\"intro\">&nbsp;<\/div>\n<h2 style=\"text-align: center;\">services<\/h2>\n<div class=\"info-servicios\">\n<article class=\"art-servicios\"><img decoding=\"async\" class=\"icono-article aligncenter wp-image-42 size-full\" src=\"wp-content\/uploads\/2017\/01\/icono-interpretacion.png\" alt=\"icono-interpretacion\"><\/p>\n<h3 style=\"text-align: center;\">INTERPRETING<\/h3>\n<p style=\"text-align: center;\">Facilitating oral communication between partners who do not have a common language. Fairs, conferences, meetings&#8230; Please fill in the contact form for more information.<\/p>\n<\/article>\n<\/div>\n<div class=\"info-servicios\">\n<article class=\"art-servicios\"><img decoding=\"async\" class=\"icono-article aligncenter wp-image-42 size-full\" src=\"wp-content\/uploads\/2017\/01\/icono-traduccion.png\" alt=\"icono-traduccion\"><\/p>\n<h3 style=\"text-align: center;\">TRANSLATION<\/h3>\n<p style=\"text-align: center;\">Here you will find the types of translation that I can produce. If you need other services, please do not hesitate to get in touch with me, so I can propose another professional.<\/p>\n<p style=\"text-align: center;\"><a href=\"traduccion\">READ MORE<\/a><\/p>\n<\/article>\n<\/div>\n<div class=\"info-servicios\">\n<article class=\"art-servicios\"><img decoding=\"async\" class=\"icono-article aligncenter wp-image-42 size-full\" src=\"wp-content\/uploads\/2017\/01\/icono-revision.png\" alt=\"icono-revision\"><\/p>\n<h3 style=\"text-align: center;\">REVIEW<\/h3>\n<p style=\"text-align: center;\">Editing and proofreading of written text to guarantee a better understanding of what has been written.<\/p>\n<\/article>\n<\/div>\n<\/div>\n<\/section>\n<section id=\"sobre-mi\">\n<div>&nbsp;<\/div>\n<div>\n<h2>about me<\/h2>\n<p>We all need a translator at some point in our lives, and I would like to help you. I am a professional translator since 2008, and a sworn translator by the Spanish Ministry of Foreign Affairs and Cooperation since 2009. In addition, I have the accreditation of sworn translator by the Court of First Instance of Li\u00e8ge and Mons, in Belgium. I am specialized in legal translation, and my experience extends to various fields such as technical, computer and commercial translation.<br \/>\n<a href=\"quien-soy\">READ MORE<\/a><\/p>\n<\/div>\n<\/section>\n<section id=\"recursos\">\n<div>\n<p><img decoding=\"async\" class=\"aligncenter wp-image-71 size-full\" src=\"wp-content\/uploads\/2017\/01\/icono-recursos.png\" alt=\"icono-recursos\"><\/p>\n<h2 style=\"text-align: center;\">internet resources for translators<\/h2>\n<p>While not an exhaustive list, I would like to quote some resources for translators and linguists that, I hope, will be useful.<\/p>\n<p><a href=\"recursos\">READ MORE<\/a><\/p>\n<\/div>\n<\/section>\n<section id=\"imagen\">\n<div>&nbsp;<\/div>\n<\/section>\n<section id=\"contacto\">\n<div class=\"contacto-principal\">\n<p><img decoding=\"async\" class=\"aligncenter wp-image-70 size-full\" src=\"wp-content\/uploads\/2017\/01\/icono-contacto.png\" alt=\"icono-contacto\"><\/p>\n<h2 style=\"text-align: center;\">contact<\/h2>\n<p class=\"contacto-texto\">Get a free quote, without obligation.<\/p>\n\n<div class=\"wpcf7 no-js\" id=\"wpcf7-f155-o2\" lang=\"es-ES\" dir=\"ltr\" data-wpcf7-id=\"155\">\n<div class=\"screen-reader-response\"><p role=\"status\" aria-live=\"polite\" aria-atomic=\"true\"><\/p> <ul><\/ul><\/div>\n<form action=\"\/en\/wp-json\/wp\/v2\/pages\/6#wpcf7-f155-o2\" method=\"post\" class=\"wpcf7-form init\" aria-label=\"Formulario de contacto\" novalidate=\"novalidate\" data-status=\"init\">\n<fieldset class=\"hidden-fields-container\"><input type=\"hidden\" name=\"_wpcf7\" value=\"155\" \/><input type=\"hidden\" name=\"_wpcf7_version\" value=\"6.1.3\" \/><input type=\"hidden\" name=\"_wpcf7_locale\" value=\"es_ES\" \/><input type=\"hidden\" name=\"_wpcf7_unit_tag\" value=\"wpcf7-f155-o2\" \/><input type=\"hidden\" name=\"_wpcf7_container_post\" value=\"0\" \/><input type=\"hidden\" name=\"_wpcf7_posted_data_hash\" value=\"\" \/>\n<\/fieldset>\n<p><label>Name*<br \/>\n<span class=\"wpcf7-form-control-wrap\" data-name=\"your-name\"><input size=\"40\" maxlength=\"400\" class=\"wpcf7-form-control wpcf7-text wpcf7-validates-as-required\" aria-required=\"true\" aria-invalid=\"false\" value=\"\" type=\"text\" name=\"your-name\" \/><\/span> <\/label>\n<\/p>\n<p><label>Email*<br \/>\n<span class=\"wpcf7-form-control-wrap\" data-name=\"your-email\"><input size=\"40\" maxlength=\"400\" class=\"wpcf7-form-control wpcf7-email wpcf7-validates-as-required wpcf7-text wpcf7-validates-as-email\" aria-required=\"true\" aria-invalid=\"false\" value=\"\" type=\"email\" name=\"your-email\" \/><\/span> <\/label>\n<\/p>\n<p><label>Subject*<br \/>\n<span class=\"wpcf7-form-control-wrap\" data-name=\"your-subject\"><input size=\"40\" maxlength=\"400\" class=\"wpcf7-form-control wpcf7-text wpcf7-validates-as-required\" aria-required=\"true\" aria-invalid=\"false\" value=\"\" type=\"text\" name=\"your-subject\" \/><\/span> <\/label>\n<\/p>\n<p><label>Message*<br \/>\n<span class=\"wpcf7-form-control-wrap\" data-name=\"your-message\"><textarea cols=\"40\" rows=\"10\" maxlength=\"2000\" class=\"wpcf7-form-control wpcf7-textarea wpcf7-validates-as-required\" aria-required=\"true\" aria-invalid=\"false\" name=\"your-message\"><\/textarea><\/span> <\/label>\n<\/p>\n<p>[recaptcha]\n<\/p>\n<p><input class=\"wpcf7-form-control wpcf7-submit has-spinner\" type=\"submit\" value=\"send\" \/>\n<\/p><div class=\"wpcf7-response-output\" aria-hidden=\"true\"><\/div>\n<\/form>\n<\/div>\n\n<\/div>\n<\/section>\n<p><\/p>","protected":false},"excerpt":{"rendered":"<p>&#8220;The language of Europe is translation&#8221; Umberto Eco &nbsp; services INTERPRETING Facilitating oral communication between partners who do not have a common language. Fairs, conferences, meetings&#8230; Please fill in the contact form for more information. TRANSLATION Here you will find the types of translation that I can produce. If you need other services, please do [&hellip;]<\/p>\n","protected":false},"author":1,"featured_media":0,"parent":0,"menu_order":0,"comment_status":"closed","ping_status":"closed","template":"","meta":{"_monsterinsights_skip_tracking":false,"_monsterinsights_sitenote_active":false,"_monsterinsights_sitenote_note":"","_monsterinsights_sitenote_category":0,"footnotes":""},"class_list":["post-6","page","type-page","status-publish","hentry"],"yoast_head":"<!-- This site is optimized with the Yoast SEO plugin v26.4 - https:\/\/yoast.com\/wordpress\/plugins\/seo\/ -->\n<title>Index - Traducci\u00f3n Jurada LGA<\/title>\n<meta name=\"description\" content=\"Traductora jurada con amplia experiencia en la traducci\u00f3n, interpretaci\u00f3n y revisi\u00f3n de todo tipo de documentos escritos.\" \/>\n<meta name=\"robots\" content=\"index, follow, max-snippet:-1, max-image-preview:large, max-video-preview:-1\" \/>\n<link rel=\"canonical\" href=\"http:\/\/traduccionjurada-lga.com\/\" \/>\n<meta property=\"og:locale\" content=\"en_US\" \/>\n<meta property=\"og:type\" content=\"article\" \/>\n<meta property=\"og:title\" content=\"Index - Traducci\u00f3n Jurada LGA\" \/>\n<meta property=\"og:description\" content=\"Traductora jurada con amplia experiencia en la traducci\u00f3n, interpretaci\u00f3n y revisi\u00f3n de todo tipo de documentos escritos.\" \/>\n<meta property=\"og:url\" content=\"http:\/\/traduccionjurada-lga.com\/\" \/>\n<meta property=\"og:site_name\" content=\"Traducci\u00f3n Jurada LGA\" \/>\n<meta property=\"article:modified_time\" content=\"2019-04-14T17:31:41+00:00\" \/>\n<meta name=\"twitter:card\" content=\"summary_large_image\" \/>\n<meta name=\"twitter:label1\" content=\"Est. reading time\" \/>\n\t<meta name=\"twitter:data1\" content=\"6 minutes\" \/>\n<script type=\"application\/ld+json\" class=\"yoast-schema-graph\">{\"@context\":\"https:\/\/schema.org\",\"@graph\":[{\"@type\":\"WebPage\",\"@id\":\"http:\/\/traduccionjurada-lga.com\/\",\"url\":\"http:\/\/traduccionjurada-lga.com\/\",\"name\":\"Index - Traducci\u00f3n Jurada LGA\",\"isPartOf\":{\"@id\":\"http:\/\/traduccionjurada-lga.com\/#website\"},\"datePublished\":\"2017-01-25T11:12:52+00:00\",\"dateModified\":\"2019-04-14T17:31:41+00:00\",\"description\":\"Traductora jurada con amplia experiencia en la traducci\u00f3n, interpretaci\u00f3n y revisi\u00f3n de todo tipo de documentos escritos.\",\"breadcrumb\":{\"@id\":\"http:\/\/traduccionjurada-lga.com\/#breadcrumb\"},\"inLanguage\":\"en-US\",\"potentialAction\":[{\"@type\":\"ReadAction\",\"target\":[\"http:\/\/traduccionjurada-lga.com\/\"]}]},{\"@type\":\"BreadcrumbList\",\"@id\":\"http:\/\/traduccionjurada-lga.com\/#breadcrumb\",\"itemListElement\":[{\"@type\":\"ListItem\",\"position\":1,\"name\":\"Portada\",\"item\":\"http:\/\/traduccionjurada-lga.com\/\"},{\"@type\":\"ListItem\",\"position\":2,\"name\":\"Inicio\"}]},{\"@type\":\"WebSite\",\"@id\":\"http:\/\/traduccionjurada-lga.com\/#website\",\"url\":\"http:\/\/traduccionjurada-lga.com\/\",\"name\":\"Traducci\u00f3n Jurada LGA\",\"description\":\"Otro sitio realizado con WordPress\",\"potentialAction\":[{\"@type\":\"SearchAction\",\"target\":{\"@type\":\"EntryPoint\",\"urlTemplate\":\"http:\/\/traduccionjurada-lga.com\/?s={search_term_string}\"},\"query-input\":{\"@type\":\"PropertyValueSpecification\",\"valueRequired\":true,\"valueName\":\"search_term_string\"}}],\"inLanguage\":\"en-US\"}]}<\/script>\n<!-- \/ Yoast SEO plugin. -->","yoast_head_json":{"title":"Index - Traducci\u00f3n Jurada LGA","description":"Traductora jurada con amplia experiencia en la traducci\u00f3n, interpretaci\u00f3n y revisi\u00f3n de todo tipo de documentos escritos.","robots":{"index":"index","follow":"follow","max-snippet":"max-snippet:-1","max-image-preview":"max-image-preview:large","max-video-preview":"max-video-preview:-1"},"canonical":"http:\/\/traduccionjurada-lga.com\/","og_locale":"en_US","og_type":"article","og_title":"Index - Traducci\u00f3n Jurada LGA","og_description":"Traductora jurada con amplia experiencia en la traducci\u00f3n, interpretaci\u00f3n y revisi\u00f3n de todo tipo de documentos escritos.","og_url":"http:\/\/traduccionjurada-lga.com\/","og_site_name":"Traducci\u00f3n Jurada LGA","article_modified_time":"2019-04-14T17:31:41+00:00","twitter_card":"summary_large_image","twitter_misc":{"Est. reading time":"6 minutes"},"schema":{"@context":"https:\/\/schema.org","@graph":[{"@type":"WebPage","@id":"http:\/\/traduccionjurada-lga.com\/","url":"http:\/\/traduccionjurada-lga.com\/","name":"Index - Traducci\u00f3n Jurada LGA","isPartOf":{"@id":"http:\/\/traduccionjurada-lga.com\/#website"},"datePublished":"2017-01-25T11:12:52+00:00","dateModified":"2019-04-14T17:31:41+00:00","description":"Traductora jurada con amplia experiencia en la traducci\u00f3n, interpretaci\u00f3n y revisi\u00f3n de todo tipo de documentos escritos.","breadcrumb":{"@id":"http:\/\/traduccionjurada-lga.com\/#breadcrumb"},"inLanguage":"en-US","potentialAction":[{"@type":"ReadAction","target":["http:\/\/traduccionjurada-lga.com\/"]}]},{"@type":"BreadcrumbList","@id":"http:\/\/traduccionjurada-lga.com\/#breadcrumb","itemListElement":[{"@type":"ListItem","position":1,"name":"Portada","item":"http:\/\/traduccionjurada-lga.com\/"},{"@type":"ListItem","position":2,"name":"Inicio"}]},{"@type":"WebSite","@id":"http:\/\/traduccionjurada-lga.com\/#website","url":"http:\/\/traduccionjurada-lga.com\/","name":"Traducci\u00f3n Jurada LGA","description":"Otro sitio realizado con WordPress","potentialAction":[{"@type":"SearchAction","target":{"@type":"EntryPoint","urlTemplate":"http:\/\/traduccionjurada-lga.com\/?s={search_term_string}"},"query-input":{"@type":"PropertyValueSpecification","valueRequired":true,"valueName":"search_term_string"}}],"inLanguage":"en-US"}]}},"_links":{"self":[{"href":"https:\/\/traduccionjurada-lga.com\/en\/wp-json\/wp\/v2\/pages\/6","targetHints":{"allow":["GET"]}}],"collection":[{"href":"https:\/\/traduccionjurada-lga.com\/en\/wp-json\/wp\/v2\/pages"}],"about":[{"href":"https:\/\/traduccionjurada-lga.com\/en\/wp-json\/wp\/v2\/types\/page"}],"author":[{"embeddable":true,"href":"https:\/\/traduccionjurada-lga.com\/en\/wp-json\/wp\/v2\/users\/1"}],"replies":[{"embeddable":true,"href":"https:\/\/traduccionjurada-lga.com\/en\/wp-json\/wp\/v2\/comments?post=6"}],"version-history":[{"count":24,"href":"https:\/\/traduccionjurada-lga.com\/en\/wp-json\/wp\/v2\/pages\/6\/revisions"}],"predecessor-version":[{"id":237,"href":"https:\/\/traduccionjurada-lga.com\/en\/wp-json\/wp\/v2\/pages\/6\/revisions\/237"}],"wp:attachment":[{"href":"https:\/\/traduccionjurada-lga.com\/en\/wp-json\/wp\/v2\/media?parent=6"}],"curies":[{"name":"wp","href":"https:\/\/api.w.org\/{rel}","templated":true}]}}