{"id":101,"date":"2017-02-19T19:05:05","date_gmt":"2017-02-19T19:05:05","guid":{"rendered":"http:\/\/traduccionjurada-lga.com\/?page_id=101"},"modified":"2018-03-19T09:51:07","modified_gmt":"2018-03-19T09:51:07","slug":"politica-de-cookies","status":"publish","type":"page","link":"https:\/\/traduccionjurada-lga.com\/fr\/politica-de-cookies\/","title":{"rendered":"Politique de cookies"},"content":{"rendered":"<p><\/p>\n<section id=\"inicio-quien\"><img loading=\"lazy\" decoding=\"async\" class=\"mouse-img wp-image-25 size-full\" src=\"..\/wp-content\/uploads\/2017\/01\/mouse.png\" alt=\"mouse\" width=\"20\" height=\"29\" \/><br \/>\n<img loading=\"lazy\" decoding=\"async\" class=\"arrow-img wp-image-32 size-full\" src=\"..\/wp-content\/uploads\/2017\/01\/arrow.png\" alt=\"arrow\" width=\"44\" height=\"24\" \/><\/p>\n<div class=\"info\">\n<h3 style=\"text-align: center;\">POLITIQUE DE COOKIES<\/h3>\n<\/div>\n<\/section>\n<section id=\"quien-soy\">\n<div>\n<p>Un cookie est un fichier install\u00e9 dans votre ordinateur lorsque vous acc\u00e9dez \u00e0 certaines pages d\u2019Internet. Les cookies permettent entre autre, \u00e0 une page Web de stocker et de r\u00e9cup\u00e9rer des informations sur les habitudes de navigation d\u2019un utilisateur ou de son ordinateur, et en fonction de l\u2019information contenue et de l\u2019utilisation de l\u2019appareil, ils peuvent \u00eatre utilis\u00e9s pour reconna\u00eetre l\u2019utilisateur. Le navigateur de l\u2019utilisateur m\u00e9morise des cookies sur le disque dur, uniquement pendant la session actuelle, en occupant un espace de m\u00e9moire minimum, sans nuire \u00e0 l\u2019ordinateur. Les cookies ne contiennent aucun type d\u2019information personnelle sp\u00e9cifique et la plupart d\u2019entre eux est effac\u00e9 du disque dur \u00e0 la fin de la session du navigateur (c\u2019est ce que l\u2019on appelle les cookies de session).<\/p>\n<p>La plupart des navigateurs acceptent les cookies de forme standardis\u00e9e et ind\u00e9pendamment de ceux-ci, ils permettent ou emp\u00eachent les r\u00e9glages de s\u00e9curit\u00e9 des cookies temporels ou m\u00e9moris\u00e9s.<\/p>\n<h3>Quel type de cookies nous utilisons sur ce site web ?<\/h3>\n<p>Cookies techniques : il s\u2019agit de cookies qui permettent \u00e0 l\u2019utilisateur de naviguer sur une page Web, une plate-forme ou une application et d\u2019utiliser les diff\u00e9rentes options ou les diff\u00e9rents services existants, comme par exemple contr\u00f4ler le trafic et la communication des donn\u00e9es, utiliser des \u00e9l\u00e9ments de s\u00e9curit\u00e9 pendant la navigation, stocker des contenus pour diffuser des vid\u00e9os ou des sons, ou -partager des contenus par le biais des r\u00e9seaux sociaux.<\/p>\n<p>Cookies de personnalisation : ce sont les cookies qui permettent \u00e0 l\u2019utilisateur d\u2019acc\u00e9der au service avec certaines caract\u00e9ristiques de caract\u00e8re g\u00e9n\u00e9ral, pr\u00e9d\u00e9termin\u00e9es en fonction d\u2019une s\u00e9rie de crit\u00e8res dans le terminal de l\u2019utilisateur, comme par exemple la langue, le type de navigateur utilis\u00e9 pour acc\u00e9der au service, la configuration r\u00e9gionale d\u2019o\u00f9 il acc\u00e8de au service, etc.<\/p>\n<p>Cookies d\u2019analyse : ce sont les cookies trait\u00e9s par nous-m\u00eames ou par des tiers, qui nous permettent de quantifier le nombre d\u2019utilisateurs et de r\u00e9aliser ainsi des mesures et des analyses statistiques de l\u2019utilisation que les utilisateurs font du service propos\u00e9. Pour ce faire, nous analysons leur navigation sur notre page Web afin d\u2019am\u00e9liorer l\u2019offre de produits ou de services que nous leur proposons.<\/p>\n<p>Cookies de tiers: ce sont ceux fournis et g\u00e9r\u00e9s par des serveurs externes. Ce site web utilise ou peut utiliser des cookies de tiers, comme ceux de Google Analytics ou Facebook. Ces cookies sont utilis\u00e9s \u00e0 des fins statistiques.<\/p>\n<p>La premi\u00e8re fois que vous acc\u00e9dez \u00e0 traduccionjurada-lga.com, le site web n\u2019installe pas des cookies de tiers. Si vous cliquez sur \u00ab accepter \u00bb dans l\u2019avis de cookies ou vous poursuivez votre navigation, vous acceptez l\u2019utilisation de cookies de tiers.<\/p>\n<p>En utilisant ce site Web, l\u2019utilisateur accepte express\u00e9ment que l\u2019information collect\u00e9e soit trait\u00e9e de la fa\u00e7on et aux fins susmentionn\u00e9es. De m\u00eame, il d\u00e9clare conna\u00eetre son droit de refuser le traitement de ces donn\u00e9es ou informations en refusant l\u2019utilisation de cookies, qu\u2019il peut exercer en s\u00e9lectionnant la configuration appropri\u00e9e sur son navigateur. Nonobstant, cette option de blocage des Cookies sur son navigateur peut emp\u00eacher l\u2019utilisation de toutes les fonctions du site Web.<\/p>\n<\/div>\n<\/section>\n<p><\/p>","protected":false},"excerpt":{"rendered":"<p>POLITIQUE DE COOKIES Un cookie est un fichier install\u00e9 dans votre ordinateur lorsque vous acc\u00e9dez \u00e0 certaines pages d\u2019Internet. Les cookies permettent entre autre, \u00e0 une page Web de stocker et de r\u00e9cup\u00e9rer des informations sur les habitudes de navigation d\u2019un utilisateur ou de son ordinateur, et en fonction de l\u2019information contenue et de l\u2019utilisation [&hellip;]<\/p>\n","protected":false},"author":1,"featured_media":0,"parent":0,"menu_order":0,"comment_status":"closed","ping_status":"closed","template":"","meta":{"_monsterinsights_skip_tracking":false,"_monsterinsights_sitenote_active":false,"_monsterinsights_sitenote_note":"","_monsterinsights_sitenote_category":0,"footnotes":""},"class_list":["post-101","page","type-page","status-publish","hentry"],"yoast_head":"<!-- This site is optimized with the Yoast SEO plugin v26.4 - https:\/\/yoast.com\/wordpress\/plugins\/seo\/ -->\n<title>Politique de cookies - Traducci\u00f3n Jurada LGA<\/title>\n<meta name=\"robots\" content=\"index, follow, max-snippet:-1, max-image-preview:large, max-video-preview:-1\" \/>\n<link rel=\"canonical\" href=\"http:\/\/traduccionjurada-lga.com\/politica-de-cookies\/\" \/>\n<meta property=\"og:locale\" content=\"fr_FR\" \/>\n<meta property=\"og:type\" content=\"article\" \/>\n<meta property=\"og:title\" content=\"Politique de cookies - Traducci\u00f3n Jurada LGA\" \/>\n<meta property=\"og:description\" content=\"POLITIQUE DE COOKIES Un cookie est un fichier install\u00e9 dans votre ordinateur lorsque vous acc\u00e9dez \u00e0 certaines pages d\u2019Internet. Les cookies permettent entre autre, \u00e0 une page Web de stocker et de r\u00e9cup\u00e9rer des informations sur les habitudes de navigation d\u2019un utilisateur ou de son ordinateur, et en fonction de l\u2019information contenue et de l\u2019utilisation [&hellip;]\" \/>\n<meta property=\"og:url\" content=\"http:\/\/traduccionjurada-lga.com\/politica-de-cookies\/\" \/>\n<meta property=\"og:site_name\" content=\"Traducci\u00f3n Jurada LGA\" \/>\n<meta property=\"article:modified_time\" content=\"2018-03-19T09:51:07+00:00\" \/>\n<meta name=\"twitter:card\" content=\"summary_large_image\" \/>\n<meta name=\"twitter:label1\" content=\"Dur\u00e9e de lecture estim\u00e9e\" \/>\n\t<meta name=\"twitter:data1\" content=\"12 minutes\" \/>\n<script type=\"application\/ld+json\" class=\"yoast-schema-graph\">{\"@context\":\"https:\/\/schema.org\",\"@graph\":[{\"@type\":\"WebPage\",\"@id\":\"http:\/\/traduccionjurada-lga.com\/politica-de-cookies\/\",\"url\":\"http:\/\/traduccionjurada-lga.com\/politica-de-cookies\/\",\"name\":\"Politique de cookies - Traducci\u00f3n Jurada LGA\",\"isPartOf\":{\"@id\":\"http:\/\/traduccionjurada-lga.com\/#website\"},\"datePublished\":\"2017-02-19T19:05:05+00:00\",\"dateModified\":\"2018-03-19T09:51:07+00:00\",\"breadcrumb\":{\"@id\":\"http:\/\/traduccionjurada-lga.com\/politica-de-cookies\/#breadcrumb\"},\"inLanguage\":\"fr-FR\",\"potentialAction\":[{\"@type\":\"ReadAction\",\"target\":[\"http:\/\/traduccionjurada-lga.com\/politica-de-cookies\/\"]}]},{\"@type\":\"BreadcrumbList\",\"@id\":\"http:\/\/traduccionjurada-lga.com\/politica-de-cookies\/#breadcrumb\",\"itemListElement\":[{\"@type\":\"ListItem\",\"position\":1,\"name\":\"Portada\",\"item\":\"http:\/\/traduccionjurada-lga.com\/\"},{\"@type\":\"ListItem\",\"position\":2,\"name\":\"Pol\u00edtica de cookies\"}]},{\"@type\":\"WebSite\",\"@id\":\"http:\/\/traduccionjurada-lga.com\/#website\",\"url\":\"http:\/\/traduccionjurada-lga.com\/\",\"name\":\"Traducci\u00f3n Jurada LGA\",\"description\":\"Otro sitio realizado con WordPress\",\"potentialAction\":[{\"@type\":\"SearchAction\",\"target\":{\"@type\":\"EntryPoint\",\"urlTemplate\":\"http:\/\/traduccionjurada-lga.com\/?s={search_term_string}\"},\"query-input\":{\"@type\":\"PropertyValueSpecification\",\"valueRequired\":true,\"valueName\":\"search_term_string\"}}],\"inLanguage\":\"fr-FR\"}]}<\/script>\n<!-- \/ Yoast SEO plugin. -->","yoast_head_json":{"title":"Politique de cookies - Traducci\u00f3n Jurada LGA","robots":{"index":"index","follow":"follow","max-snippet":"max-snippet:-1","max-image-preview":"max-image-preview:large","max-video-preview":"max-video-preview:-1"},"canonical":"http:\/\/traduccionjurada-lga.com\/politica-de-cookies\/","og_locale":"fr_FR","og_type":"article","og_title":"Politique de cookies - Traducci\u00f3n Jurada LGA","og_description":"POLITIQUE DE COOKIES Un cookie est un fichier install\u00e9 dans votre ordinateur lorsque vous acc\u00e9dez \u00e0 certaines pages d\u2019Internet. Les cookies permettent entre autre, \u00e0 une page Web de stocker et de r\u00e9cup\u00e9rer des informations sur les habitudes de navigation d\u2019un utilisateur ou de son ordinateur, et en fonction de l\u2019information contenue et de l\u2019utilisation [&hellip;]","og_url":"http:\/\/traduccionjurada-lga.com\/politica-de-cookies\/","og_site_name":"Traducci\u00f3n Jurada LGA","article_modified_time":"2018-03-19T09:51:07+00:00","twitter_card":"summary_large_image","twitter_misc":{"Dur\u00e9e de lecture estim\u00e9e":"12 minutes"},"schema":{"@context":"https:\/\/schema.org","@graph":[{"@type":"WebPage","@id":"http:\/\/traduccionjurada-lga.com\/politica-de-cookies\/","url":"http:\/\/traduccionjurada-lga.com\/politica-de-cookies\/","name":"Politique de cookies - Traducci\u00f3n Jurada LGA","isPartOf":{"@id":"http:\/\/traduccionjurada-lga.com\/#website"},"datePublished":"2017-02-19T19:05:05+00:00","dateModified":"2018-03-19T09:51:07+00:00","breadcrumb":{"@id":"http:\/\/traduccionjurada-lga.com\/politica-de-cookies\/#breadcrumb"},"inLanguage":"fr-FR","potentialAction":[{"@type":"ReadAction","target":["http:\/\/traduccionjurada-lga.com\/politica-de-cookies\/"]}]},{"@type":"BreadcrumbList","@id":"http:\/\/traduccionjurada-lga.com\/politica-de-cookies\/#breadcrumb","itemListElement":[{"@type":"ListItem","position":1,"name":"Portada","item":"http:\/\/traduccionjurada-lga.com\/"},{"@type":"ListItem","position":2,"name":"Pol\u00edtica de cookies"}]},{"@type":"WebSite","@id":"http:\/\/traduccionjurada-lga.com\/#website","url":"http:\/\/traduccionjurada-lga.com\/","name":"Traducci\u00f3n Jurada LGA","description":"Otro sitio realizado con WordPress","potentialAction":[{"@type":"SearchAction","target":{"@type":"EntryPoint","urlTemplate":"http:\/\/traduccionjurada-lga.com\/?s={search_term_string}"},"query-input":{"@type":"PropertyValueSpecification","valueRequired":true,"valueName":"search_term_string"}}],"inLanguage":"fr-FR"}]}},"_links":{"self":[{"href":"https:\/\/traduccionjurada-lga.com\/fr\/wp-json\/wp\/v2\/pages\/101","targetHints":{"allow":["GET"]}}],"collection":[{"href":"https:\/\/traduccionjurada-lga.com\/fr\/wp-json\/wp\/v2\/pages"}],"about":[{"href":"https:\/\/traduccionjurada-lga.com\/fr\/wp-json\/wp\/v2\/types\/page"}],"author":[{"embeddable":true,"href":"https:\/\/traduccionjurada-lga.com\/fr\/wp-json\/wp\/v2\/users\/1"}],"replies":[{"embeddable":true,"href":"https:\/\/traduccionjurada-lga.com\/fr\/wp-json\/wp\/v2\/comments?post=101"}],"version-history":[{"count":12,"href":"https:\/\/traduccionjurada-lga.com\/fr\/wp-json\/wp\/v2\/pages\/101\/revisions"}],"predecessor-version":[{"id":191,"href":"https:\/\/traduccionjurada-lga.com\/fr\/wp-json\/wp\/v2\/pages\/101\/revisions\/191"}],"wp:attachment":[{"href":"https:\/\/traduccionjurada-lga.com\/fr\/wp-json\/wp\/v2\/media?parent=101"}],"curies":[{"name":"wp","href":"https:\/\/api.w.org\/{rel}","templated":true}]}}