{"id":14,"date":"2017-01-25T11:19:10","date_gmt":"2017-01-25T11:19:10","guid":{"rendered":"http:\/\/traduccionjurada-lga.com\/?page_id=14"},"modified":"2018-03-18T17:33:25","modified_gmt":"2018-03-18T17:33:25","slug":"servicios","status":"publish","type":"page","link":"https:\/\/traduccionjurada-lga.com\/fr\/servicios\/","title":{"rendered":"Services"},"content":{"rendered":"<p><\/p>\n<section id=\"inicio-servicios\"><img loading=\"lazy\" decoding=\"async\" class=\"mouse-img wp-image-25 size-full\" src=\"..\/wp-content\/uploads\/2017\/01\/mouse.png\" alt=\"mouse\" width=\"20\" height=\"29\" \/><br \/>\n<img loading=\"lazy\" decoding=\"async\" class=\"arrow-img wp-image-32 size-full\" src=\"..\/wp-content\/uploads\/2017\/01\/arrow.png\" alt=\"arrow\" width=\"44\" height=\"24\" \/><\/p>\n<div class=\"info\">\n<p><img decoding=\"async\" class=\"icono-page aligncenter wp-image-42 size-full\" src=\"..\/wp-content\/uploads\/2017\/01\/servicios-azul.png\" alt=\"icono-servicios\" \/><\/p>\n<h3 style=\"text-align: center;\">SERVICES<\/h3>\n<p style=\"text-align: center;\">Toutes mes traductions sont relues par des professionnels dont la langue maternelle est la langue cible de la traduction en question.<\/p>\n<p style=\"text-align: center;\">Voici les types de traductions que je fais. Si vous avez besoin d&rsquo;autres types de traduction, n\u2019h\u00e9sitez pas \u00e0 me contacter pour vous recommander \u00e0 un autre professionnel.<\/p>\n<\/div>\n<\/section>\n<section id=\"servicios-2\">\n<div class=\"info\">\n<div class=\"info-servicios\">\n<p><img decoding=\"async\" class=\"icono-article aligncenter wp-image-42 size-full\" src=\"..\/wp-content\/uploads\/2017\/01\/icono-traduccion.png\" alt=\"icono-traducci\u00f3n\" \/><\/p>\n<h2 style=\"text-align: center;\">traduction<\/h2>\n<h4 style=\"text-align: center;\"><a href=\"traduccion#traduccion-jurada\">ASSERMENT\u00c9E\/JUR\u00c9E<\/a><\/h4>\n<h4 style=\"text-align: center;\"><a href=\"traduccion#traduccion-general\">G\u00c9N\u00c9RALE<\/a><\/h4>\n<h4 style=\"text-align: center;\"><a href=\"traduccion#traduccion-tecnica\">TECHNIQUE<\/a><\/h4>\n<h4 style=\"text-align: center;\"><a href=\"traduccion#traduccion-economico-financiera\">ECONOMIQUE OU FINANCI\u00c8RE<\/a><\/h4>\n<h4 style=\"text-align: center;\"><a href=\"traduccion#traduccion-juridica\">JURIDIQUE<\/a><\/h4>\n<\/div>\n<\/div>\n<\/section>\n<section id=\"servicios-3\">\n<div class=\"double-margin\">\n<div class=\"double-page\">\n<div class=\"double-info\"><img decoding=\"async\" class=\"aligncenter wp-image-71 size-full\" src=\"..\/wp-content\/uploads\/2017\/01\/icono-interpretacion.png\" alt=\"icono-interpretaci\u00f3n\" \/><\/p>\n<h2 style=\"text-align: center;\">interpr\u00e9tation<\/h2>\n<h4>ASSERMENT\u00c9E\/JUR\u00c9E<\/h4>\n<h4>SIMULTAN\u00c9E<\/h4>\n<h4>DE LIAISON<\/h4>\n<h4>T\u00c9L\u00c9PHONIQUE<\/h4>\n<\/div>\n<\/div>\n<div class=\"double-page\">\n<div class=\"double-info\"><img decoding=\"async\" class=\"aligncenter wp-image-71 size-full\" src=\"..\/wp-content\/uploads\/2017\/01\/icono-revision.png\" alt=\"icono-revisi\u00f3n\" \/><\/p>\n<h2 style=\"text-align: center;\">relecture<\/h2>\n<p><!--p style=\"text-align: center;\">Lodio, dapibus ac facilisis in, eget quam. Integer posuere erat a ante venenatis dapibus posuere velit aliquet. Cras justo odio.<\/p-->\n<h4>ESPAGNOL<\/h4>\n<h4>FRAN\u00c7AIS<\/h4>\n<p><!--h4>CONSECUTIVA<\/h4>\n\n\n\n\n<h4>TELEF\u00d3NICA<\/h4-->\n<\/div>\n<\/div>\n<\/div>\n<\/section>\n<p><\/p>","protected":false},"excerpt":{"rendered":"<p>SERVICES Toutes mes traductions sont relues par des professionnels dont la langue maternelle est la langue cible de la traduction en question. Voici les types de traductions que je fais. Si vous avez besoin d&rsquo;autres types de traduction, n\u2019h\u00e9sitez pas \u00e0 me contacter pour vous recommander \u00e0 un autre professionnel. traduction ASSERMENT\u00c9E\/JUR\u00c9E G\u00c9N\u00c9RALE TECHNIQUE ECONOMIQUE [&hellip;]<\/p>\n","protected":false},"author":1,"featured_media":0,"parent":0,"menu_order":0,"comment_status":"closed","ping_status":"closed","template":"","meta":{"_monsterinsights_skip_tracking":false,"_monsterinsights_sitenote_active":false,"_monsterinsights_sitenote_note":"","_monsterinsights_sitenote_category":0,"footnotes":""},"class_list":["post-14","page","type-page","status-publish","hentry"],"yoast_head":"<!-- This site is optimized with the Yoast SEO plugin v26.4 - https:\/\/yoast.com\/wordpress\/plugins\/seo\/ -->\n<title>Services - Traducci\u00f3n Jurada LGA<\/title>\n<meta name=\"robots\" content=\"index, follow, max-snippet:-1, max-image-preview:large, max-video-preview:-1\" \/>\n<link rel=\"canonical\" href=\"http:\/\/traduccionjurada-lga.com\/en\/servicios\/\" \/>\n<meta property=\"og:locale\" content=\"fr_FR\" \/>\n<meta property=\"og:type\" content=\"article\" \/>\n<meta property=\"og:title\" content=\"Services - Traducci\u00f3n Jurada LGA\" \/>\n<meta property=\"og:description\" content=\"SERVICES Toutes mes traductions sont relues par des professionnels dont la langue maternelle est la langue cible de la traduction en question. Voici les types de traductions que je fais. Si vous avez besoin d&rsquo;autres types de traduction, n\u2019h\u00e9sitez pas \u00e0 me contacter pour vous recommander \u00e0 un autre professionnel. traduction ASSERMENT\u00c9E\/JUR\u00c9E G\u00c9N\u00c9RALE TECHNIQUE ECONOMIQUE [&hellip;]\" \/>\n<meta property=\"og:url\" content=\"http:\/\/traduccionjurada-lga.com\/en\/servicios\/\" \/>\n<meta property=\"og:site_name\" content=\"Traducci\u00f3n Jurada LGA\" \/>\n<meta property=\"article:modified_time\" content=\"2018-03-18T17:33:25+00:00\" \/>\n<meta name=\"twitter:card\" content=\"summary_large_image\" \/>\n<meta name=\"twitter:label1\" content=\"Dur\u00e9e de lecture estim\u00e9e\" \/>\n\t<meta name=\"twitter:data1\" content=\"2 minutes\" \/>\n<script type=\"application\/ld+json\" class=\"yoast-schema-graph\">{\"@context\":\"https:\/\/schema.org\",\"@graph\":[{\"@type\":\"WebPage\",\"@id\":\"http:\/\/traduccionjurada-lga.com\/en\/servicios\/\",\"url\":\"http:\/\/traduccionjurada-lga.com\/en\/servicios\/\",\"name\":\"Services - Traducci\u00f3n Jurada LGA\",\"isPartOf\":{\"@id\":\"http:\/\/traduccionjurada-lga.com\/#website\"},\"datePublished\":\"2017-01-25T11:19:10+00:00\",\"dateModified\":\"2018-03-18T17:33:25+00:00\",\"breadcrumb\":{\"@id\":\"http:\/\/traduccionjurada-lga.com\/en\/servicios\/#breadcrumb\"},\"inLanguage\":\"fr-FR\",\"potentialAction\":[{\"@type\":\"ReadAction\",\"target\":[\"http:\/\/traduccionjurada-lga.com\/en\/servicios\/\"]}]},{\"@type\":\"BreadcrumbList\",\"@id\":\"http:\/\/traduccionjurada-lga.com\/en\/servicios\/#breadcrumb\",\"itemListElement\":[{\"@type\":\"ListItem\",\"position\":1,\"name\":\"Portada\",\"item\":\"http:\/\/traduccionjurada-lga.com\/\"},{\"@type\":\"ListItem\",\"position\":2,\"name\":\"Services\"}]},{\"@type\":\"WebSite\",\"@id\":\"http:\/\/traduccionjurada-lga.com\/#website\",\"url\":\"http:\/\/traduccionjurada-lga.com\/\",\"name\":\"Traducci\u00f3n Jurada LGA\",\"description\":\"Otro sitio realizado con WordPress\",\"potentialAction\":[{\"@type\":\"SearchAction\",\"target\":{\"@type\":\"EntryPoint\",\"urlTemplate\":\"http:\/\/traduccionjurada-lga.com\/?s={search_term_string}\"},\"query-input\":{\"@type\":\"PropertyValueSpecification\",\"valueRequired\":true,\"valueName\":\"search_term_string\"}}],\"inLanguage\":\"fr-FR\"}]}<\/script>\n<!-- \/ Yoast SEO plugin. -->","yoast_head_json":{"title":"Services - Traducci\u00f3n Jurada LGA","robots":{"index":"index","follow":"follow","max-snippet":"max-snippet:-1","max-image-preview":"max-image-preview:large","max-video-preview":"max-video-preview:-1"},"canonical":"http:\/\/traduccionjurada-lga.com\/en\/servicios\/","og_locale":"fr_FR","og_type":"article","og_title":"Services - Traducci\u00f3n Jurada LGA","og_description":"SERVICES Toutes mes traductions sont relues par des professionnels dont la langue maternelle est la langue cible de la traduction en question. Voici les types de traductions que je fais. Si vous avez besoin d&rsquo;autres types de traduction, n\u2019h\u00e9sitez pas \u00e0 me contacter pour vous recommander \u00e0 un autre professionnel. traduction ASSERMENT\u00c9E\/JUR\u00c9E G\u00c9N\u00c9RALE TECHNIQUE ECONOMIQUE [&hellip;]","og_url":"http:\/\/traduccionjurada-lga.com\/en\/servicios\/","og_site_name":"Traducci\u00f3n Jurada LGA","article_modified_time":"2018-03-18T17:33:25+00:00","twitter_card":"summary_large_image","twitter_misc":{"Dur\u00e9e de lecture estim\u00e9e":"2 minutes"},"schema":{"@context":"https:\/\/schema.org","@graph":[{"@type":"WebPage","@id":"http:\/\/traduccionjurada-lga.com\/en\/servicios\/","url":"http:\/\/traduccionjurada-lga.com\/en\/servicios\/","name":"Services - Traducci\u00f3n Jurada LGA","isPartOf":{"@id":"http:\/\/traduccionjurada-lga.com\/#website"},"datePublished":"2017-01-25T11:19:10+00:00","dateModified":"2018-03-18T17:33:25+00:00","breadcrumb":{"@id":"http:\/\/traduccionjurada-lga.com\/en\/servicios\/#breadcrumb"},"inLanguage":"fr-FR","potentialAction":[{"@type":"ReadAction","target":["http:\/\/traduccionjurada-lga.com\/en\/servicios\/"]}]},{"@type":"BreadcrumbList","@id":"http:\/\/traduccionjurada-lga.com\/en\/servicios\/#breadcrumb","itemListElement":[{"@type":"ListItem","position":1,"name":"Portada","item":"http:\/\/traduccionjurada-lga.com\/"},{"@type":"ListItem","position":2,"name":"Services"}]},{"@type":"WebSite","@id":"http:\/\/traduccionjurada-lga.com\/#website","url":"http:\/\/traduccionjurada-lga.com\/","name":"Traducci\u00f3n Jurada LGA","description":"Otro sitio realizado con WordPress","potentialAction":[{"@type":"SearchAction","target":{"@type":"EntryPoint","urlTemplate":"http:\/\/traduccionjurada-lga.com\/?s={search_term_string}"},"query-input":{"@type":"PropertyValueSpecification","valueRequired":true,"valueName":"search_term_string"}}],"inLanguage":"fr-FR"}]}},"_links":{"self":[{"href":"https:\/\/traduccionjurada-lga.com\/fr\/wp-json\/wp\/v2\/pages\/14","targetHints":{"allow":["GET"]}}],"collection":[{"href":"https:\/\/traduccionjurada-lga.com\/fr\/wp-json\/wp\/v2\/pages"}],"about":[{"href":"https:\/\/traduccionjurada-lga.com\/fr\/wp-json\/wp\/v2\/types\/page"}],"author":[{"embeddable":true,"href":"https:\/\/traduccionjurada-lga.com\/fr\/wp-json\/wp\/v2\/users\/1"}],"replies":[{"embeddable":true,"href":"https:\/\/traduccionjurada-lga.com\/fr\/wp-json\/wp\/v2\/comments?post=14"}],"version-history":[{"count":11,"href":"https:\/\/traduccionjurada-lga.com\/fr\/wp-json\/wp\/v2\/pages\/14\/revisions"}],"predecessor-version":[{"id":179,"href":"https:\/\/traduccionjurada-lga.com\/fr\/wp-json\/wp\/v2\/pages\/14\/revisions\/179"}],"wp:attachment":[{"href":"https:\/\/traduccionjurada-lga.com\/fr\/wp-json\/wp\/v2\/media?parent=14"}],"curies":[{"name":"wp","href":"https:\/\/api.w.org\/{rel}","templated":true}]}}