{"id":6,"date":"2017-01-25T11:12:52","date_gmt":"2017-01-25T11:12:52","guid":{"rendered":"http:\/\/traduccionjurada-lga.com\/?page_id=6"},"modified":"2019-04-14T17:31:41","modified_gmt":"2019-04-14T17:31:41","slug":"traduccion-2","status":"publish","type":"page","link":"https:\/\/traduccionjurada-lga.com\/fr\/","title":{"rendered":"Initiation"},"content":{"rendered":"<p><\/p>\n<section id=\"inicio\"><img loading=\"lazy\" decoding=\"async\" class=\"mouse-img wp-image-25 size-full\" src=\"wp-content\/uploads\/2017\/01\/mouse.png\" alt=\"mouse\" width=\"20\" height=\"29\"><br \/>\n<img loading=\"lazy\" decoding=\"async\" class=\"arrow-img wp-image-32 size-full\" src=\"wp-content\/uploads\/2017\/01\/arrow.png\" alt=\"arrow\" width=\"44\" height=\"24\"><\/p>\n<div class=\"info\">\n<h3 style=\"text-align: center;\">\u00ab\u00a0La langue de l\u2019Europe, c\u2019est la traduction\u00a0\u00bb<\/h3>\n<p style=\"text-align: center;\">Umberto Eco<\/p>\n<\/div>\n<\/section>\n<section id=\"servicios\">\n<div class=\"info\">\n<div class=\"intro\">&nbsp;<\/div>\n<h2 style=\"text-align: center;\">services<\/h2>\n<div class=\"info-servicios\">\n<article class=\"art-servicios\"><img decoding=\"async\" class=\"icono-article aligncenter wp-image-42 size-full\" src=\"wp-content\/uploads\/2017\/01\/icono-interpretacion.png\" alt=\"icono-interpretacion\"><\/p>\n<h3 style=\"text-align: center;\">INTERPR\u00c9TATION<\/h3>\n<p style=\"text-align: center;\">il s\u2019agit de rendre possible la communication orale entre deux interlocuteurs ne partageant pas une langue commune. Lors de foires, de conf\u00e9rences, \u00e0 la Cour de Justice, ou lors de r\u00e9unions&#8230; N\u2019h\u00e9sitez pas \u00e0 remplir le formulaire de contact pour obtenir plus d\u2019informations<\/p>\n<\/article>\n<\/div>\n<div class=\"info-servicios\">\n<article class=\"art-servicios\"><img decoding=\"async\" class=\"icono-article aligncenter wp-image-42 size-full\" src=\"wp-content\/uploads\/2017\/01\/icono-traduccion.png\" alt=\"icono-traduccion\"><\/p>\n<h3 style=\"text-align: center;\">TRADUCTION<\/h3>\n<p style=\"text-align: center;\">vous allez trouver ici les diff\u00e9rents types de traduction que je r\u00e9alise. N\u2019h\u00e9sitez pas \u00e0 me contacter si vous avez besoin de faire un autre type de traduction pour que je puisse vous adresser vers un autre professionnel<\/p>\n<p style=\"text-align: center;\"><a href=\"traduccion\">LIRE LA SUITE<\/a><\/p>\n<\/article>\n<\/div>\n<div class=\"info-servicios\">\n<article class=\"art-servicios\"><img decoding=\"async\" class=\"icono-article aligncenter wp-image-42 size-full\" src=\"wp-content\/uploads\/2017\/01\/icono-revision.png\" alt=\"icono-revision\"><\/p>\n<h3 style=\"text-align: center;\">RELECTURE<\/h3>\n<p style=\"text-align: center;\">r\u00e9\u00e9criture d\u2019un texte afin de pr\u00e9ciser et d&rsquo;am\u00e9liorer l\u2019\u00e9criture et d\u2019en assurer une meilleure compr\u00e9hension<\/p>\n<\/article>\n<\/div>\n<\/div>\n<\/section>\n<section id=\"sobre-mi\">\n<div>&nbsp;<\/div>\n<div>\n<h2>\u00e0 propos de moi<\/h2>\n<p>Nous avons tous besoin d\u2019un traducteur \u00e0 un certain moment et c\u2019est dans ce but que je souhaite vous proposer mon aide. Je suis traductrice depuis 2008 et traductrice jur\u00e9e aupr\u00e8s du Minist\u00e8re espagnol des Affaires \u00c9trang\u00e8res et de la Coop\u00e9ration depuis 2009. J\u2019ai par la suite \u00e9t\u00e9 \u00e9galement agr\u00e9\u00e9e en tant que traductrice jur\u00e9e en Belgique aupr\u00e8s des Tribunaux de Premi\u00e8re Instance de Li\u00e8ge et de Mons. Mes sp\u00e9cialisations concernent la traduction juridique et \u00e9conomique, et mon exp\u00e9rience professionnelle va de la traduction technique, en passant par la traduction informatique et commerciale.<br \/>\n<a href=\"quien-soy\">LIRE LA SUITE<\/a><\/p>\n<\/div>\n<\/section>\n<section id=\"recursos\">\n<div>\n<p><img decoding=\"async\" class=\"aligncenter wp-image-71 size-full\" src=\"wp-content\/uploads\/2017\/01\/icono-recursos.png\" alt=\"icono-recursos\"><\/p>\n<h2 style=\"text-align: center;\">La trousse \u00e0 outils pour les traducteurs<\/h2>\n<p>Sans \u00eatre une liste exhaustive, voici quelques ressources pour les traducteurs et linguistes qui, je l&rsquo;esp\u00e8re, sera utile.<\/p>\n<p><a href=\"recursos\">LIRE LA SUITE<\/a><\/p>\n<\/div>\n<\/section>\n<section id=\"imagen\">\n<div>&nbsp;<\/div>\n<\/section>\n<section id=\"contacto\">\n<div class=\"contacto-principal\">\n<p><img decoding=\"async\" class=\"aligncenter wp-image-70 size-full\" src=\"wp-content\/uploads\/2017\/01\/icono-contacto.png\" alt=\"icono-contacto\"><\/p>\n<h2 style=\"text-align: center;\">contact<\/h2>\n<p class=\"contacto-texto\">Commandez votre budget gratuitement et sans engagement.<\/p>\n\n<div class=\"wpcf7 no-js\" id=\"wpcf7-f112-o4\" lang=\"es-ES\" dir=\"ltr\" data-wpcf7-id=\"112\">\n<div class=\"screen-reader-response\"><p role=\"status\" aria-live=\"polite\" aria-atomic=\"true\"><\/p> <ul><\/ul><\/div>\n<form action=\"\/fr\/wp-json\/wp\/v2\/pages\/6#wpcf7-f112-o4\" method=\"post\" class=\"wpcf7-form init\" aria-label=\"Formulario de contacto\" novalidate=\"novalidate\" data-status=\"init\">\n<fieldset class=\"hidden-fields-container\"><input type=\"hidden\" name=\"_wpcf7\" value=\"112\" \/><input type=\"hidden\" name=\"_wpcf7_version\" value=\"6.1.3\" \/><input type=\"hidden\" name=\"_wpcf7_locale\" value=\"es_ES\" \/><input type=\"hidden\" name=\"_wpcf7_unit_tag\" value=\"wpcf7-f112-o4\" \/><input type=\"hidden\" name=\"_wpcf7_container_post\" value=\"0\" \/><input type=\"hidden\" name=\"_wpcf7_posted_data_hash\" value=\"\" \/>\n<\/fieldset>\n<p><label>Nom*<br \/>\n<span class=\"wpcf7-form-control-wrap\" data-name=\"your-name\"><input size=\"40\" maxlength=\"400\" class=\"wpcf7-form-control wpcf7-text wpcf7-validates-as-required\" aria-required=\"true\" aria-invalid=\"false\" value=\"\" type=\"text\" name=\"your-name\" \/><\/span> <\/label>\n<\/p>\n<p><label>Email*<br \/>\n<span class=\"wpcf7-form-control-wrap\" data-name=\"your-email\"><input size=\"40\" maxlength=\"400\" class=\"wpcf7-form-control wpcf7-email wpcf7-validates-as-required wpcf7-text wpcf7-validates-as-email\" aria-required=\"true\" aria-invalid=\"false\" value=\"\" type=\"email\" name=\"your-email\" \/><\/span> <\/label>\n<\/p>\n<p><label>Sujet*<br \/>\n<span class=\"wpcf7-form-control-wrap\" data-name=\"your-subject\"><input size=\"40\" maxlength=\"400\" class=\"wpcf7-form-control wpcf7-text wpcf7-validates-as-required\" aria-required=\"true\" aria-invalid=\"false\" value=\"\" type=\"text\" name=\"your-subject\" \/><\/span> <\/label>\n<\/p>\n<p><label>Message*<br \/>\n<span class=\"wpcf7-form-control-wrap\" data-name=\"your-message\"><textarea cols=\"40\" rows=\"10\" maxlength=\"2000\" class=\"wpcf7-form-control wpcf7-textarea wpcf7-validates-as-required\" aria-required=\"true\" aria-invalid=\"false\" name=\"your-message\"><\/textarea><\/span> <\/label>\n<\/p>\n<p>[recaptcha]\n<\/p>\n<p><input class=\"wpcf7-form-control wpcf7-submit has-spinner\" type=\"submit\" value=\"Envoyer\" \/>\n<\/p><div class=\"wpcf7-response-output\" aria-hidden=\"true\"><\/div>\n<\/form>\n<\/div>\n\n<\/div>\n<\/section>\n<p><\/p>","protected":false},"excerpt":{"rendered":"<p>\u00ab\u00a0La langue de l\u2019Europe, c\u2019est la traduction\u00a0\u00bb Umberto Eco &nbsp; services INTERPR\u00c9TATION il s\u2019agit de rendre possible la communication orale entre deux interlocuteurs ne partageant pas une langue commune. Lors de foires, de conf\u00e9rences, \u00e0 la Cour de Justice, ou lors de r\u00e9unions&#8230; N\u2019h\u00e9sitez pas \u00e0 remplir le formulaire de contact pour obtenir plus d\u2019informations [&hellip;]<\/p>\n","protected":false},"author":1,"featured_media":0,"parent":0,"menu_order":0,"comment_status":"closed","ping_status":"closed","template":"","meta":{"_monsterinsights_skip_tracking":false,"_monsterinsights_sitenote_active":false,"_monsterinsights_sitenote_note":"","_monsterinsights_sitenote_category":0,"footnotes":""},"class_list":["post-6","page","type-page","status-publish","hentry"],"yoast_head":"<!-- This site is optimized with the Yoast SEO plugin v26.4 - https:\/\/yoast.com\/wordpress\/plugins\/seo\/ -->\n<title>Initiation - Traducci\u00f3n Jurada LGA<\/title>\n<meta name=\"description\" content=\"Traductora jurada con amplia experiencia en la traducci\u00f3n, interpretaci\u00f3n y revisi\u00f3n de todo tipo de documentos escritos.\" \/>\n<meta name=\"robots\" content=\"index, follow, max-snippet:-1, max-image-preview:large, max-video-preview:-1\" \/>\n<link rel=\"canonical\" href=\"http:\/\/traduccionjurada-lga.com\/\" \/>\n<meta property=\"og:locale\" content=\"fr_FR\" \/>\n<meta property=\"og:type\" content=\"article\" \/>\n<meta property=\"og:title\" content=\"Initiation - Traducci\u00f3n Jurada LGA\" \/>\n<meta property=\"og:description\" content=\"Traductora jurada con amplia experiencia en la traducci\u00f3n, interpretaci\u00f3n y revisi\u00f3n de todo tipo de documentos escritos.\" \/>\n<meta property=\"og:url\" content=\"http:\/\/traduccionjurada-lga.com\/\" \/>\n<meta property=\"og:site_name\" content=\"Traducci\u00f3n Jurada LGA\" \/>\n<meta property=\"article:modified_time\" content=\"2019-04-14T17:31:41+00:00\" \/>\n<meta name=\"twitter:card\" content=\"summary_large_image\" \/>\n<meta name=\"twitter:label1\" content=\"Dur\u00e9e de lecture estim\u00e9e\" \/>\n\t<meta name=\"twitter:data1\" content=\"6 minutes\" \/>\n<script type=\"application\/ld+json\" class=\"yoast-schema-graph\">{\"@context\":\"https:\/\/schema.org\",\"@graph\":[{\"@type\":\"WebPage\",\"@id\":\"http:\/\/traduccionjurada-lga.com\/\",\"url\":\"http:\/\/traduccionjurada-lga.com\/\",\"name\":\"Initiation - Traducci\u00f3n Jurada LGA\",\"isPartOf\":{\"@id\":\"http:\/\/traduccionjurada-lga.com\/#website\"},\"datePublished\":\"2017-01-25T11:12:52+00:00\",\"dateModified\":\"2019-04-14T17:31:41+00:00\",\"description\":\"Traductora jurada con amplia experiencia en la traducci\u00f3n, interpretaci\u00f3n y revisi\u00f3n de todo tipo de documentos escritos.\",\"breadcrumb\":{\"@id\":\"http:\/\/traduccionjurada-lga.com\/#breadcrumb\"},\"inLanguage\":\"fr-FR\",\"potentialAction\":[{\"@type\":\"ReadAction\",\"target\":[\"http:\/\/traduccionjurada-lga.com\/\"]}]},{\"@type\":\"BreadcrumbList\",\"@id\":\"http:\/\/traduccionjurada-lga.com\/#breadcrumb\",\"itemListElement\":[{\"@type\":\"ListItem\",\"position\":1,\"name\":\"Portada\",\"item\":\"http:\/\/traduccionjurada-lga.com\/\"},{\"@type\":\"ListItem\",\"position\":2,\"name\":\"Inicio\"}]},{\"@type\":\"WebSite\",\"@id\":\"http:\/\/traduccionjurada-lga.com\/#website\",\"url\":\"http:\/\/traduccionjurada-lga.com\/\",\"name\":\"Traducci\u00f3n Jurada LGA\",\"description\":\"Otro sitio realizado con WordPress\",\"potentialAction\":[{\"@type\":\"SearchAction\",\"target\":{\"@type\":\"EntryPoint\",\"urlTemplate\":\"http:\/\/traduccionjurada-lga.com\/?s={search_term_string}\"},\"query-input\":{\"@type\":\"PropertyValueSpecification\",\"valueRequired\":true,\"valueName\":\"search_term_string\"}}],\"inLanguage\":\"fr-FR\"}]}<\/script>\n<!-- \/ Yoast SEO plugin. -->","yoast_head_json":{"title":"Initiation - Traducci\u00f3n Jurada LGA","description":"Traductora jurada con amplia experiencia en la traducci\u00f3n, interpretaci\u00f3n y revisi\u00f3n de todo tipo de documentos escritos.","robots":{"index":"index","follow":"follow","max-snippet":"max-snippet:-1","max-image-preview":"max-image-preview:large","max-video-preview":"max-video-preview:-1"},"canonical":"http:\/\/traduccionjurada-lga.com\/","og_locale":"fr_FR","og_type":"article","og_title":"Initiation - Traducci\u00f3n Jurada LGA","og_description":"Traductora jurada con amplia experiencia en la traducci\u00f3n, interpretaci\u00f3n y revisi\u00f3n de todo tipo de documentos escritos.","og_url":"http:\/\/traduccionjurada-lga.com\/","og_site_name":"Traducci\u00f3n Jurada LGA","article_modified_time":"2019-04-14T17:31:41+00:00","twitter_card":"summary_large_image","twitter_misc":{"Dur\u00e9e de lecture estim\u00e9e":"6 minutes"},"schema":{"@context":"https:\/\/schema.org","@graph":[{"@type":"WebPage","@id":"http:\/\/traduccionjurada-lga.com\/","url":"http:\/\/traduccionjurada-lga.com\/","name":"Initiation - Traducci\u00f3n Jurada LGA","isPartOf":{"@id":"http:\/\/traduccionjurada-lga.com\/#website"},"datePublished":"2017-01-25T11:12:52+00:00","dateModified":"2019-04-14T17:31:41+00:00","description":"Traductora jurada con amplia experiencia en la traducci\u00f3n, interpretaci\u00f3n y revisi\u00f3n de todo tipo de documentos escritos.","breadcrumb":{"@id":"http:\/\/traduccionjurada-lga.com\/#breadcrumb"},"inLanguage":"fr-FR","potentialAction":[{"@type":"ReadAction","target":["http:\/\/traduccionjurada-lga.com\/"]}]},{"@type":"BreadcrumbList","@id":"http:\/\/traduccionjurada-lga.com\/#breadcrumb","itemListElement":[{"@type":"ListItem","position":1,"name":"Portada","item":"http:\/\/traduccionjurada-lga.com\/"},{"@type":"ListItem","position":2,"name":"Inicio"}]},{"@type":"WebSite","@id":"http:\/\/traduccionjurada-lga.com\/#website","url":"http:\/\/traduccionjurada-lga.com\/","name":"Traducci\u00f3n Jurada LGA","description":"Otro sitio realizado con WordPress","potentialAction":[{"@type":"SearchAction","target":{"@type":"EntryPoint","urlTemplate":"http:\/\/traduccionjurada-lga.com\/?s={search_term_string}"},"query-input":{"@type":"PropertyValueSpecification","valueRequired":true,"valueName":"search_term_string"}}],"inLanguage":"fr-FR"}]}},"_links":{"self":[{"href":"https:\/\/traduccionjurada-lga.com\/fr\/wp-json\/wp\/v2\/pages\/6","targetHints":{"allow":["GET"]}}],"collection":[{"href":"https:\/\/traduccionjurada-lga.com\/fr\/wp-json\/wp\/v2\/pages"}],"about":[{"href":"https:\/\/traduccionjurada-lga.com\/fr\/wp-json\/wp\/v2\/types\/page"}],"author":[{"embeddable":true,"href":"https:\/\/traduccionjurada-lga.com\/fr\/wp-json\/wp\/v2\/users\/1"}],"replies":[{"embeddable":true,"href":"https:\/\/traduccionjurada-lga.com\/fr\/wp-json\/wp\/v2\/comments?post=6"}],"version-history":[{"count":24,"href":"https:\/\/traduccionjurada-lga.com\/fr\/wp-json\/wp\/v2\/pages\/6\/revisions"}],"predecessor-version":[{"id":237,"href":"https:\/\/traduccionjurada-lga.com\/fr\/wp-json\/wp\/v2\/pages\/6\/revisions\/237"}],"wp:attachment":[{"href":"https:\/\/traduccionjurada-lga.com\/fr\/wp-json\/wp\/v2\/media?parent=6"}],"curies":[{"name":"wp","href":"https:\/\/api.w.org\/{rel}","templated":true}]}}