{"id":8,"date":"2017-01-25T11:13:57","date_gmt":"2017-01-25T11:13:57","guid":{"rendered":"http:\/\/traduccionjurada-lga.com\/?page_id=8"},"modified":"2018-03-19T09:52:00","modified_gmt":"2018-03-19T09:52:00","slug":"traduccion","status":"publish","type":"page","link":"https:\/\/traduccionjurada-lga.com\/fr\/traduccion\/","title":{"rendered":"Traduction"},"content":{"rendered":"<p><\/p>\n<section id=\"inicio\"><img loading=\"lazy\" decoding=\"async\" class=\"mouse-img wp-image-25 size-full\" src=\"..\/wp-content\/uploads\/2017\/01\/mouse.png\" alt=\"mouse\" width=\"20\" height=\"29\" \/><br \/>\n<img loading=\"lazy\" decoding=\"async\" class=\"arrow-img wp-image-32 size-full\" src=\"..\/wp-content\/uploads\/2017\/01\/arrow.png\" alt=\"arrow\" width=\"44\" height=\"24\" \/><\/p>\n<div class=\"info\"><img decoding=\"async\" class=\"icono-page aligncenter wp-image-42 size-full\" src=\"..\/wp-content\/uploads\/2017\/01\/icono-traduccion.png\" alt=\"icono-traduccion\" \/><\/p>\n<h3 style=\"text-align: center;\">TRADUCTION<\/h3>\n<p style=\"text-align: center;\">Toutes mes traductions sont relues par des professionnels dont la langue maternelle est la langue cible de la traduction en question. Voici les types de traductions que je fais. Si vous avez besoin d&rsquo;autres types de traduction, n\u2019h\u00e9sitez pas \u00e0 me contacter pour vous recommander \u00e0 un autre professionnel.<\/p>\n<\/div>\n<\/section>\n<section id=\"traduccion\">\n<div id=\"traduccion-jurada\"><img decoding=\"async\" class=\"aligncenter wp-image-71 size-full\" src=\"..\/wp-content\/uploads\/2017\/01\/icono-traduccion2.png\" alt=\"icono-traducci\u00f3n\" \/><\/p>\n<h2 style=\"text-align: center;\">asserment\u00e9e\/jur\u00e9e<\/h2>\n<p>Combinaisons linguistiques<\/p>\n<p>fran\u00e7ais > espagnol<\/p>\n<p>espagnol > fran\u00e7ais<\/p>\n<p>Il s\u2019agit de la traduction \u00e0 caract\u00e8re officiel d\u2019un document. Aussi connues comme \u00ab\u00a0traduction officielle \u00bb.<\/p>\n<h4>Types de traductions asserment\u00e9es\/jur\u00e9es :<\/h4>\n<p>Actes de naissance, Certificat de mariage, Certificat de d\u00e9c\u00e8s, Livret de famille, Certificat acad\u00e9mique, Dipl\u00f4me universitaire, Dossier scolaire, Rapport de vie professionnelle, Attestation bancaire, Attestation m\u00e9dicale, Extrait du registre du commerce, Attestation de l\u2019administration fiscale, R\u00e8gles et r\u00e9glementation, Comptes, Solde des comptes, Acte judiciaire, D\u00e9cision de justice, Procuration, Contrat, Certificat de r\u00e9sidence, Certificat d\u2019\u00e9tat civil, Casier judiciaire, Permis de conduire\n<\/p><\/div>\n<p><a class=\"ancla\" name=\"traduccion-general\"><\/a><a class=\"ancla\" name=\"traduccion-tecnica\"><\/a><\/p>\n<\/section>\n<section id=\"double-1\">\n<div class=\"double-margin\">\n<div class=\"double-page\">\n<div class=\"double-info\"><img decoding=\"async\" class=\"aligncenter wp-image-71 size-full\" src=\"..\/wp-content\/uploads\/2017\/01\/icono-general.png\" alt=\"icono-general\" \/><\/p>\n<h2 style=\"text-align: center;\">g\u00e9n\u00e9rale<\/h2>\n<p>Combinaisons linguistiques<\/p>\n<p>fran\u00e7ais, anglais, allemand, italien > espagnol<\/p>\n<p>anglais, espagnol  >  fran\u00e7ais<\/p>\n<p>fran\u00e7ais, espagnol  >  anglais<\/p>\n<h4>Le concept de traduction g\u00e9n\u00e9ral fait r\u00e9f\u00e9rence \u00e0 la traduction de textes non sp\u00e9cifiques dans un domaine d\u00e9termin\u00e9. Dans ce type de traduction, la naturalit\u00e9 est une priorit\u00e9, ainsi que l&rsquo;adaptation au contexte.<\/h4>\n<\/div>\n<p><a class=\"ancla\" name=\"traduccion-economico-financiera\"><\/a><\/p>\n<\/div>\n<div class=\"double-page\">\n<div class=\"double-info\"><img decoding=\"async\" class=\"aligncenter wp-image-71 size-full\" src=\"..\/wp-content\/uploads\/2017\/01\/icono-cientifica.png\" alt=\"icono-cientifica\" \/><\/p>\n<h2 style=\"text-align: center;\">scientifique et technique<\/h2>\n<p>Combinaisons linguistiques<\/p>\n<p>fran\u00e7ais, anglais, italien > espagnol<\/p>\n<p>anglais, espagnol  >  fran\u00e7ais<\/p>\n<p>fran\u00e7ais, espagnol  >  anglais<\/p>\n<h4>La traduction technique constitue le plus gros volume de travail dans le secteur de la traduction professionnelle. Il s\u2019agit de brevets, d\u2019essais, de manuels d\u2019instructions, d\u2019articles scientifiques, et de documents m\u00e9dicaux.<\/h4>\n<\/div>\n<p><a class=\"ancla\" name=\"traduccion-juridica\"><\/a><\/p>\n<\/div>\n<\/div>\n<\/section>\n<section id=\"double-2\">\n<div class=\"double-margin\">\n<div class=\"double-page\">\n<div class=\"double-info\"><img decoding=\"async\" class=\"aligncenter wp-image-71 size-full\" src=\"..\/wp-content\/uploads\/2017\/01\/icono-economica.png\" alt=\"icono-economica\" \/><\/p>\n<h2 style=\"text-align: center;\">economique ou financi\u00e8re<\/h2>\n<p>Combinaciones ling\u00fc\u00edsticas<\/p>\n<p>fran\u00e7ais, anglais, italien > espagnol<\/p>\n<p>anglais, espagnol  >  fran\u00e7ais<\/p>\n<h4>La mondialisation nous ouvre les portes des march\u00e9s dans le monde entier et les particuliers aussi bien que les entreprises ont besoin de surmonter les obstacles linguistiques afin de mener \u00e0 bien leurs projets ambitieux dans un contexte international.<\/h4>\n<\/div>\n<\/div>\n<div class=\"double-page\">\n<div class=\"double-info\"><img decoding=\"async\" class=\"aligncenter wp-image-71 size-full\" src=\"..\/wp-content\/uploads\/2017\/01\/icono-juridica.png\" alt=\"icono-juridica\" \/><\/p>\n<h2 style=\"text-align: center;\">juridique<\/h2>\n<p>Combinaciones ling\u00fc\u00edsticas<\/p>\n<p>franc\u00e9s, ingl\u00e9s, italiano  >  espa\u00f1ol<\/p>\n<p>ingl\u00e9s, espa\u00f1ol  >  franc\u00e9s<\/p>\n<h4>Il s\u2019agit des textes concernant les diff\u00e9rentes branches du droit.<\/h4>\n<\/div>\n<\/div>\n<\/div>\n<\/section>\n<p><\/p>","protected":false},"excerpt":{"rendered":"<p>TRADUCTION Toutes mes traductions sont relues par des professionnels dont la langue maternelle est la langue cible de la traduction en question. Voici les types de traductions que je fais. Si vous avez besoin d&rsquo;autres types de traduction, n\u2019h\u00e9sitez pas \u00e0 me contacter pour vous recommander \u00e0 un autre professionnel. asserment\u00e9e\/jur\u00e9e Combinaisons linguistiques fran\u00e7ais > [&hellip;]<\/p>\n","protected":false},"author":1,"featured_media":0,"parent":0,"menu_order":0,"comment_status":"closed","ping_status":"closed","template":"","meta":{"_monsterinsights_skip_tracking":false,"_monsterinsights_sitenote_active":false,"_monsterinsights_sitenote_note":"","_monsterinsights_sitenote_category":0,"footnotes":""},"class_list":["post-8","page","type-page","status-publish","hentry"],"yoast_head":"<!-- This site is optimized with the Yoast SEO plugin v26.4 - https:\/\/yoast.com\/wordpress\/plugins\/seo\/ -->\n<title>Traduction - Traducci\u00f3n Jurada LGA<\/title>\n<meta name=\"robots\" content=\"index, follow, max-snippet:-1, max-image-preview:large, max-video-preview:-1\" \/>\n<link rel=\"canonical\" href=\"http:\/\/traduccionjurada-lga.com\/en\/traduccion\/\" \/>\n<meta property=\"og:locale\" content=\"fr_FR\" \/>\n<meta property=\"og:type\" content=\"article\" \/>\n<meta property=\"og:title\" content=\"Traduction - Traducci\u00f3n Jurada LGA\" \/>\n<meta property=\"og:description\" content=\"TRADUCTION Toutes mes traductions sont relues par des professionnels dont la langue maternelle est la langue cible de la traduction en question. Voici les types de traductions que je fais. Si vous avez besoin d&rsquo;autres types de traduction, n\u2019h\u00e9sitez pas \u00e0 me contacter pour vous recommander \u00e0 un autre professionnel. asserment\u00e9e\/jur\u00e9e Combinaisons linguistiques fran\u00e7ais &gt; [&hellip;]\" \/>\n<meta property=\"og:url\" content=\"http:\/\/traduccionjurada-lga.com\/en\/traduccion\/\" \/>\n<meta property=\"og:site_name\" content=\"Traducci\u00f3n Jurada LGA\" \/>\n<meta property=\"article:modified_time\" content=\"2018-03-19T09:52:00+00:00\" \/>\n<meta name=\"twitter:card\" content=\"summary_large_image\" \/>\n<meta name=\"twitter:label1\" content=\"Dur\u00e9e de lecture estim\u00e9e\" \/>\n\t<meta name=\"twitter:data1\" content=\"7 minutes\" \/>\n<script type=\"application\/ld+json\" class=\"yoast-schema-graph\">{\"@context\":\"https:\/\/schema.org\",\"@graph\":[{\"@type\":\"WebPage\",\"@id\":\"http:\/\/traduccionjurada-lga.com\/en\/traduccion\/\",\"url\":\"http:\/\/traduccionjurada-lga.com\/en\/traduccion\/\",\"name\":\"Traduction - Traducci\u00f3n Jurada LGA\",\"isPartOf\":{\"@id\":\"http:\/\/traduccionjurada-lga.com\/#website\"},\"datePublished\":\"2017-01-25T11:13:57+00:00\",\"dateModified\":\"2018-03-19T09:52:00+00:00\",\"breadcrumb\":{\"@id\":\"http:\/\/traduccionjurada-lga.com\/en\/traduccion\/#breadcrumb\"},\"inLanguage\":\"fr-FR\",\"potentialAction\":[{\"@type\":\"ReadAction\",\"target\":[\"http:\/\/traduccionjurada-lga.com\/en\/traduccion\/\"]}]},{\"@type\":\"BreadcrumbList\",\"@id\":\"http:\/\/traduccionjurada-lga.com\/en\/traduccion\/#breadcrumb\",\"itemListElement\":[{\"@type\":\"ListItem\",\"position\":1,\"name\":\"Portada\",\"item\":\"http:\/\/traduccionjurada-lga.com\/\"},{\"@type\":\"ListItem\",\"position\":2,\"name\":\"Translation\"}]},{\"@type\":\"WebSite\",\"@id\":\"http:\/\/traduccionjurada-lga.com\/#website\",\"url\":\"http:\/\/traduccionjurada-lga.com\/\",\"name\":\"Traducci\u00f3n Jurada LGA\",\"description\":\"Otro sitio realizado con WordPress\",\"potentialAction\":[{\"@type\":\"SearchAction\",\"target\":{\"@type\":\"EntryPoint\",\"urlTemplate\":\"http:\/\/traduccionjurada-lga.com\/?s={search_term_string}\"},\"query-input\":{\"@type\":\"PropertyValueSpecification\",\"valueRequired\":true,\"valueName\":\"search_term_string\"}}],\"inLanguage\":\"fr-FR\"}]}<\/script>\n<!-- \/ Yoast SEO plugin. -->","yoast_head_json":{"title":"Traduction - Traducci\u00f3n Jurada LGA","robots":{"index":"index","follow":"follow","max-snippet":"max-snippet:-1","max-image-preview":"max-image-preview:large","max-video-preview":"max-video-preview:-1"},"canonical":"http:\/\/traduccionjurada-lga.com\/en\/traduccion\/","og_locale":"fr_FR","og_type":"article","og_title":"Traduction - Traducci\u00f3n Jurada LGA","og_description":"TRADUCTION Toutes mes traductions sont relues par des professionnels dont la langue maternelle est la langue cible de la traduction en question. Voici les types de traductions que je fais. Si vous avez besoin d&rsquo;autres types de traduction, n\u2019h\u00e9sitez pas \u00e0 me contacter pour vous recommander \u00e0 un autre professionnel. asserment\u00e9e\/jur\u00e9e Combinaisons linguistiques fran\u00e7ais > [&hellip;]","og_url":"http:\/\/traduccionjurada-lga.com\/en\/traduccion\/","og_site_name":"Traducci\u00f3n Jurada LGA","article_modified_time":"2018-03-19T09:52:00+00:00","twitter_card":"summary_large_image","twitter_misc":{"Dur\u00e9e de lecture estim\u00e9e":"7 minutes"},"schema":{"@context":"https:\/\/schema.org","@graph":[{"@type":"WebPage","@id":"http:\/\/traduccionjurada-lga.com\/en\/traduccion\/","url":"http:\/\/traduccionjurada-lga.com\/en\/traduccion\/","name":"Traduction - Traducci\u00f3n Jurada LGA","isPartOf":{"@id":"http:\/\/traduccionjurada-lga.com\/#website"},"datePublished":"2017-01-25T11:13:57+00:00","dateModified":"2018-03-19T09:52:00+00:00","breadcrumb":{"@id":"http:\/\/traduccionjurada-lga.com\/en\/traduccion\/#breadcrumb"},"inLanguage":"fr-FR","potentialAction":[{"@type":"ReadAction","target":["http:\/\/traduccionjurada-lga.com\/en\/traduccion\/"]}]},{"@type":"BreadcrumbList","@id":"http:\/\/traduccionjurada-lga.com\/en\/traduccion\/#breadcrumb","itemListElement":[{"@type":"ListItem","position":1,"name":"Portada","item":"http:\/\/traduccionjurada-lga.com\/"},{"@type":"ListItem","position":2,"name":"Translation"}]},{"@type":"WebSite","@id":"http:\/\/traduccionjurada-lga.com\/#website","url":"http:\/\/traduccionjurada-lga.com\/","name":"Traducci\u00f3n Jurada LGA","description":"Otro sitio realizado con WordPress","potentialAction":[{"@type":"SearchAction","target":{"@type":"EntryPoint","urlTemplate":"http:\/\/traduccionjurada-lga.com\/?s={search_term_string}"},"query-input":{"@type":"PropertyValueSpecification","valueRequired":true,"valueName":"search_term_string"}}],"inLanguage":"fr-FR"}]}},"_links":{"self":[{"href":"https:\/\/traduccionjurada-lga.com\/fr\/wp-json\/wp\/v2\/pages\/8","targetHints":{"allow":["GET"]}}],"collection":[{"href":"https:\/\/traduccionjurada-lga.com\/fr\/wp-json\/wp\/v2\/pages"}],"about":[{"href":"https:\/\/traduccionjurada-lga.com\/fr\/wp-json\/wp\/v2\/types\/page"}],"author":[{"embeddable":true,"href":"https:\/\/traduccionjurada-lga.com\/fr\/wp-json\/wp\/v2\/users\/1"}],"replies":[{"embeddable":true,"href":"https:\/\/traduccionjurada-lga.com\/fr\/wp-json\/wp\/v2\/comments?post=8"}],"version-history":[{"count":19,"href":"https:\/\/traduccionjurada-lga.com\/fr\/wp-json\/wp\/v2\/pages\/8\/revisions"}],"predecessor-version":[{"id":192,"href":"https:\/\/traduccionjurada-lga.com\/fr\/wp-json\/wp\/v2\/pages\/8\/revisions\/192"}],"wp:attachment":[{"href":"https:\/\/traduccionjurada-lga.com\/fr\/wp-json\/wp\/v2\/media?parent=8"}],"curies":[{"name":"wp","href":"https:\/\/api.w.org\/{rel}","templated":true}]}}