{"id":6,"date":"2017-01-25T11:12:52","date_gmt":"2017-01-25T11:12:52","guid":{"rendered":"http:\/\/traduccionjurada-lga.com\/?page_id=6"},"modified":"2019-04-14T17:31:41","modified_gmt":"2019-04-14T17:31:41","slug":"traduccion-2","status":"publish","type":"page","link":"https:\/\/traduccionjurada-lga.com\/it\/","title":{"rendered":"Iniziazione"},"content":{"rendered":"<p><\/p>\n<section id=\"inicio\"><img loading=\"lazy\" decoding=\"async\" class=\"mouse-img wp-image-25 size-full\" src=\"wp-content\/uploads\/2017\/01\/mouse.png\" alt=\"mouse\" width=\"20\" height=\"29\"><br \/>\n<img loading=\"lazy\" decoding=\"async\" class=\"arrow-img wp-image-32 size-full\" src=\"wp-content\/uploads\/2017\/01\/arrow.png\" alt=\"arrow\" width=\"44\" height=\"24\"><\/p>\n<div class=\"info\">\n<h3 style=\"text-align: center;\">&#8220;La lingua dell\u2019Europa \u00e8 la traduzione&#8221;<\/h3>\n<p style=\"text-align: center;\">Umberto Eco<\/p>\n<\/div>\n<\/section>\n<section id=\"servicios\">\n<div class=\"info\">\n<div class=\"intro\">&nbsp;<\/div>\n<h2 style=\"text-align: center;\">servizi<\/h2>\n<div class=\"info-servicios\">\n<article class=\"art-servicios\"><img decoding=\"async\" class=\"icono-article aligncenter wp-image-42 size-full\" src=\"wp-content\/uploads\/2017\/01\/icono-interpretacion.png\" alt=\"icono-interpretacion\"><\/p>\n<h3 style=\"text-align: center;\">INTERPRETAZIONE<\/h3>\n<p style=\"text-align: center;\">Per permettere la comunicazione orale tra interlocutori che non parlano la stessa lingua. Fiere, conferenze, sentenze, riunioni\u2026 Riempi il formulario di contatto per chiedere maggiori informazioni.<\/p>\n<\/article>\n<\/div>\n<div class=\"info-servicios\">\n<article class=\"art-servicios\"><img decoding=\"async\" class=\"icono-article aligncenter wp-image-42 size-full\" src=\"wp-content\/uploads\/2017\/01\/icono-traduccion.png\" alt=\"icono-traduccion\"><\/p>\n<h3 style=\"text-align: center;\">TRADUZIONE<\/h3>\n<p style=\"text-align: center;\">Qui troverai l\u2019elenco delle traduzioni che eseguo. Se hai bisogno di traduzioni di altro tipo, non esitare a contattarmi e sar\u00f2 disponibile a consigliarti un altro collega professionista.<\/p>\n<p style=\"text-align: center;\"><a href=\"traduccion\">CONTINUA A LEGGERE<\/a><\/p>\n<\/article>\n<\/div>\n<div class=\"info-servicios\">\n<article class=\"art-servicios\"><img decoding=\"async\" class=\"icono-article aligncenter wp-image-42 size-full\" src=\"wp-content\/uploads\/2017\/01\/icono-revision.png\" alt=\"icono-revision\"><\/p>\n<h3 style=\"text-align: center;\">REVISIONE<\/h3>\n<p style=\"text-align: center;\">La riscrittura di un testo al fine di chiarirlo, migliorare la sua redazione per poter garantire una migliore comprensione dello scritto.<\/p>\n<\/article>\n<\/div>\n<\/div>\n<\/section>\n<section id=\"sobre-mi\">\n<div>&nbsp;<\/div>\n<div>\n<h2>chi sono<\/h2>\n<p>A un certo punto della nostra vita, tutti abbiamo bisogno di un traduttore e io sarei lieta di poterti essere utile. Sono traduttrice professionista dal 2008 e traduttrice giurata per il Ministero spagnolo degli Esteri e della Cooperazione dal 2009. Inoltre sono traduttrice giurata per i Tribunali di Prima Istanza di Liegi e Mons, in Belgio. Sono specializzata nella traduzione giuridico-economica e la mia esperienza lavorativa spazia in diversi campi quali la traduzione tecnica, informatica e commerciale.<br \/>\n<a href=\"quien-soy\">CONTINUA A LEGGERE<\/a><\/p>\n<\/div>\n<\/section>\n<section id=\"recursos\">\n<div>\n<p><img decoding=\"async\" class=\"aligncenter wp-image-71 size-full\" src=\"wp-content\/uploads\/2017\/01\/icono-recursos.png\" alt=\"icono-recursos\"><\/p>\n<h2 style=\"text-align: center;\">risorse per il traduttore<\/h2>\n<p>La lista non ha la pretesa di essere esauriente, ma mi permetto di citare alcune risorse per traduttori e linguisti che spero possano essere utili.<\/p>\n<p><a href=\"recursos\">CONTINUA A LEGGERE<\/a><\/p>\n<\/div>\n<\/section>\n<section id=\"imagen\">\n<div>&nbsp;<\/div>\n<\/section>\n<section id=\"contacto\">\n<div class=\"contacto-principal\">\n<p><img decoding=\"async\" class=\"aligncenter wp-image-70 size-full\" src=\"wp-content\/uploads\/2017\/01\/icono-contacto.png\" alt=\"icono-contacto\"><\/p>\n<h2 style=\"text-align: center;\">contatto<\/h2>\n<p class=\"contacto-texto\">Chiedi un preventivo gratuito e senza impegno.<\/p>\n\n<div class=\"wpcf7 no-js\" id=\"wpcf7-f136-o5\" lang=\"es-ES\" dir=\"ltr\" data-wpcf7-id=\"136\">\n<div class=\"screen-reader-response\"><p role=\"status\" aria-live=\"polite\" aria-atomic=\"true\"><\/p> <ul><\/ul><\/div>\n<form action=\"\/it\/wp-json\/wp\/v2\/pages\/6#wpcf7-f136-o5\" method=\"post\" class=\"wpcf7-form init\" aria-label=\"Formulario de contacto\" novalidate=\"novalidate\" data-status=\"init\">\n<fieldset class=\"hidden-fields-container\"><input type=\"hidden\" name=\"_wpcf7\" value=\"136\" \/><input type=\"hidden\" name=\"_wpcf7_version\" value=\"6.1.3\" \/><input type=\"hidden\" name=\"_wpcf7_locale\" value=\"es_ES\" \/><input type=\"hidden\" name=\"_wpcf7_unit_tag\" value=\"wpcf7-f136-o5\" \/><input type=\"hidden\" name=\"_wpcf7_container_post\" value=\"0\" \/><input type=\"hidden\" name=\"_wpcf7_posted_data_hash\" value=\"\" \/>\n<\/fieldset>\n<p><label>Nome*<br \/>\n<span class=\"wpcf7-form-control-wrap\" data-name=\"your-name\"><input size=\"40\" maxlength=\"400\" class=\"wpcf7-form-control wpcf7-text wpcf7-validates-as-required\" aria-required=\"true\" aria-invalid=\"false\" value=\"\" type=\"text\" name=\"your-name\" \/><\/span> <\/label>\n<\/p>\n<p><label>Email*<br \/>\n<span class=\"wpcf7-form-control-wrap\" data-name=\"your-email\"><input size=\"40\" maxlength=\"400\" class=\"wpcf7-form-control wpcf7-email wpcf7-validates-as-required wpcf7-text wpcf7-validates-as-email\" aria-required=\"true\" aria-invalid=\"false\" value=\"\" type=\"email\" name=\"your-email\" \/><\/span> <\/label>\n<\/p>\n<p><label>Argomento*<br \/>\n<span class=\"wpcf7-form-control-wrap\" data-name=\"your-subject\"><input size=\"40\" maxlength=\"400\" class=\"wpcf7-form-control wpcf7-text wpcf7-validates-as-required\" aria-required=\"true\" aria-invalid=\"false\" value=\"\" type=\"text\" name=\"your-subject\" \/><\/span> <\/label>\n<\/p>\n<p><label>Messaggio*<br \/>\n<span class=\"wpcf7-form-control-wrap\" data-name=\"your-message\"><textarea cols=\"40\" rows=\"10\" maxlength=\"2000\" class=\"wpcf7-form-control wpcf7-textarea wpcf7-validates-as-required\" aria-required=\"true\" aria-invalid=\"false\" name=\"your-message\"><\/textarea><\/span> <\/label>\n<\/p>\n<p>[recaptcha]\n<\/p>\n<p><input class=\"wpcf7-form-control wpcf7-submit has-spinner\" type=\"submit\" value=\"Inviare\" \/>\n<\/p><div class=\"wpcf7-response-output\" aria-hidden=\"true\"><\/div>\n<\/form>\n<\/div>\n\n<\/div>\n<\/section>\n<p><\/p>","protected":false},"excerpt":{"rendered":"<p>&#8220;La lingua dell\u2019Europa \u00e8 la traduzione&#8221; Umberto Eco &nbsp; servizi INTERPRETAZIONE Per permettere la comunicazione orale tra interlocutori che non parlano la stessa lingua. Fiere, conferenze, sentenze, riunioni\u2026 Riempi il formulario di contatto per chiedere maggiori informazioni. TRADUZIONE Qui troverai l\u2019elenco delle traduzioni che eseguo. Se hai bisogno di traduzioni di altro tipo, non esitare [&hellip;]<\/p>\n","protected":false},"author":1,"featured_media":0,"parent":0,"menu_order":0,"comment_status":"closed","ping_status":"closed","template":"","meta":{"_monsterinsights_skip_tracking":false,"_monsterinsights_sitenote_active":false,"_monsterinsights_sitenote_note":"","_monsterinsights_sitenote_category":0,"footnotes":""},"class_list":["post-6","page","type-page","status-publish","hentry"],"yoast_head":"<!-- This site is optimized with the Yoast SEO plugin v26.4 - https:\/\/yoast.com\/wordpress\/plugins\/seo\/ -->\n<title>Iniziazione - Traducci\u00f3n Jurada LGA<\/title>\n<meta name=\"description\" content=\"Traductora jurada con amplia experiencia en la traducci\u00f3n, interpretaci\u00f3n y revisi\u00f3n de todo tipo de documentos escritos.\" \/>\n<meta name=\"robots\" content=\"index, follow, max-snippet:-1, max-image-preview:large, max-video-preview:-1\" \/>\n<link rel=\"canonical\" href=\"http:\/\/traduccionjurada-lga.com\/\" \/>\n<meta property=\"og:locale\" content=\"it_IT\" \/>\n<meta property=\"og:type\" content=\"article\" \/>\n<meta property=\"og:title\" content=\"Iniziazione - Traducci\u00f3n Jurada LGA\" \/>\n<meta property=\"og:description\" content=\"Traductora jurada con amplia experiencia en la traducci\u00f3n, interpretaci\u00f3n y revisi\u00f3n de todo tipo de documentos escritos.\" \/>\n<meta property=\"og:url\" content=\"http:\/\/traduccionjurada-lga.com\/\" \/>\n<meta property=\"og:site_name\" content=\"Traducci\u00f3n Jurada LGA\" \/>\n<meta property=\"article:modified_time\" content=\"2019-04-14T17:31:41+00:00\" \/>\n<meta name=\"twitter:card\" content=\"summary_large_image\" \/>\n<meta name=\"twitter:label1\" content=\"Tempo di lettura stimato\" \/>\n\t<meta name=\"twitter:data1\" content=\"6 minuti\" \/>\n<script type=\"application\/ld+json\" class=\"yoast-schema-graph\">{\"@context\":\"https:\/\/schema.org\",\"@graph\":[{\"@type\":\"WebPage\",\"@id\":\"http:\/\/traduccionjurada-lga.com\/\",\"url\":\"http:\/\/traduccionjurada-lga.com\/\",\"name\":\"Iniziazione - Traducci\u00f3n Jurada LGA\",\"isPartOf\":{\"@id\":\"http:\/\/traduccionjurada-lga.com\/#website\"},\"datePublished\":\"2017-01-25T11:12:52+00:00\",\"dateModified\":\"2019-04-14T17:31:41+00:00\",\"description\":\"Traductora jurada con amplia experiencia en la traducci\u00f3n, interpretaci\u00f3n y revisi\u00f3n de todo tipo de documentos escritos.\",\"breadcrumb\":{\"@id\":\"http:\/\/traduccionjurada-lga.com\/#breadcrumb\"},\"inLanguage\":\"it-IT\",\"potentialAction\":[{\"@type\":\"ReadAction\",\"target\":[\"http:\/\/traduccionjurada-lga.com\/\"]}]},{\"@type\":\"BreadcrumbList\",\"@id\":\"http:\/\/traduccionjurada-lga.com\/#breadcrumb\",\"itemListElement\":[{\"@type\":\"ListItem\",\"position\":1,\"name\":\"Portada\",\"item\":\"http:\/\/traduccionjurada-lga.com\/\"},{\"@type\":\"ListItem\",\"position\":2,\"name\":\"Inicio\"}]},{\"@type\":\"WebSite\",\"@id\":\"http:\/\/traduccionjurada-lga.com\/#website\",\"url\":\"http:\/\/traduccionjurada-lga.com\/\",\"name\":\"Traducci\u00f3n Jurada LGA\",\"description\":\"Otro sitio realizado con WordPress\",\"potentialAction\":[{\"@type\":\"SearchAction\",\"target\":{\"@type\":\"EntryPoint\",\"urlTemplate\":\"http:\/\/traduccionjurada-lga.com\/?s={search_term_string}\"},\"query-input\":{\"@type\":\"PropertyValueSpecification\",\"valueRequired\":true,\"valueName\":\"search_term_string\"}}],\"inLanguage\":\"it-IT\"}]}<\/script>\n<!-- \/ Yoast SEO plugin. -->","yoast_head_json":{"title":"Iniziazione - Traducci\u00f3n Jurada LGA","description":"Traductora jurada con amplia experiencia en la traducci\u00f3n, interpretaci\u00f3n y revisi\u00f3n de todo tipo de documentos escritos.","robots":{"index":"index","follow":"follow","max-snippet":"max-snippet:-1","max-image-preview":"max-image-preview:large","max-video-preview":"max-video-preview:-1"},"canonical":"http:\/\/traduccionjurada-lga.com\/","og_locale":"it_IT","og_type":"article","og_title":"Iniziazione - Traducci\u00f3n Jurada LGA","og_description":"Traductora jurada con amplia experiencia en la traducci\u00f3n, interpretaci\u00f3n y revisi\u00f3n de todo tipo de documentos escritos.","og_url":"http:\/\/traduccionjurada-lga.com\/","og_site_name":"Traducci\u00f3n Jurada LGA","article_modified_time":"2019-04-14T17:31:41+00:00","twitter_card":"summary_large_image","twitter_misc":{"Tempo di lettura stimato":"6 minuti"},"schema":{"@context":"https:\/\/schema.org","@graph":[{"@type":"WebPage","@id":"http:\/\/traduccionjurada-lga.com\/","url":"http:\/\/traduccionjurada-lga.com\/","name":"Iniziazione - Traducci\u00f3n Jurada LGA","isPartOf":{"@id":"http:\/\/traduccionjurada-lga.com\/#website"},"datePublished":"2017-01-25T11:12:52+00:00","dateModified":"2019-04-14T17:31:41+00:00","description":"Traductora jurada con amplia experiencia en la traducci\u00f3n, interpretaci\u00f3n y revisi\u00f3n de todo tipo de documentos escritos.","breadcrumb":{"@id":"http:\/\/traduccionjurada-lga.com\/#breadcrumb"},"inLanguage":"it-IT","potentialAction":[{"@type":"ReadAction","target":["http:\/\/traduccionjurada-lga.com\/"]}]},{"@type":"BreadcrumbList","@id":"http:\/\/traduccionjurada-lga.com\/#breadcrumb","itemListElement":[{"@type":"ListItem","position":1,"name":"Portada","item":"http:\/\/traduccionjurada-lga.com\/"},{"@type":"ListItem","position":2,"name":"Inicio"}]},{"@type":"WebSite","@id":"http:\/\/traduccionjurada-lga.com\/#website","url":"http:\/\/traduccionjurada-lga.com\/","name":"Traducci\u00f3n Jurada LGA","description":"Otro sitio realizado con WordPress","potentialAction":[{"@type":"SearchAction","target":{"@type":"EntryPoint","urlTemplate":"http:\/\/traduccionjurada-lga.com\/?s={search_term_string}"},"query-input":{"@type":"PropertyValueSpecification","valueRequired":true,"valueName":"search_term_string"}}],"inLanguage":"it-IT"}]}},"_links":{"self":[{"href":"https:\/\/traduccionjurada-lga.com\/it\/wp-json\/wp\/v2\/pages\/6","targetHints":{"allow":["GET"]}}],"collection":[{"href":"https:\/\/traduccionjurada-lga.com\/it\/wp-json\/wp\/v2\/pages"}],"about":[{"href":"https:\/\/traduccionjurada-lga.com\/it\/wp-json\/wp\/v2\/types\/page"}],"author":[{"embeddable":true,"href":"https:\/\/traduccionjurada-lga.com\/it\/wp-json\/wp\/v2\/users\/1"}],"replies":[{"embeddable":true,"href":"https:\/\/traduccionjurada-lga.com\/it\/wp-json\/wp\/v2\/comments?post=6"}],"version-history":[{"count":24,"href":"https:\/\/traduccionjurada-lga.com\/it\/wp-json\/wp\/v2\/pages\/6\/revisions"}],"predecessor-version":[{"id":237,"href":"https:\/\/traduccionjurada-lga.com\/it\/wp-json\/wp\/v2\/pages\/6\/revisions\/237"}],"wp:attachment":[{"href":"https:\/\/traduccionjurada-lga.com\/it\/wp-json\/wp\/v2\/media?parent=6"}],"curies":[{"name":"wp","href":"https:\/\/api.w.org\/{rel}","templated":true}]}}